{"id":1207,"date":"2023-06-13T08:56:33","date_gmt":"2023-06-13T06:56:33","guid":{"rendered":"https:\/\/www.eccsc.pl\/?page_id=1207"},"modified":"2025-02-08T16:38:04","modified_gmt":"2025-02-08T15:38:04","slug":"informacja-dla-klientow-dotyczaca-zmian-w-normie-iso-iec","status":"publish","type":"page","link":"https:\/\/www.eccsc.pl\/en\/informacja-dla-klientow-dotyczaca-zmian-w-normie-iso-iec\/","title":{"rendered":"Informacje dla klient\u00f3w"},"content":{"rendered":"<h2 class=\"wp-block-heading\">Komunikat &#8211; Zmiany klimatyczne &#8211; aktualizacja norm ISO<\/h2>\r\n\r\n\r\n<p class=\"has-medium-font-size\">\u00a0<\/p>\r\n<p><a href=\"https:\/\/www.eccsc.pl\/wp-content\/uploads\/2025\/02\/KOMUNIKAT-zmiany-klimatyczne.pdf\"><strong>Pobierz dokument &#8211; <\/strong>Komunikat dotycz\u0105cy wprowadzania kwestii zwi\u0105zanych ze zmianami klimatycznymi do norm ISO<\/a><\/p>\r\n\r\n<h2 class=\"wp-block-heading\">Zmiany w NORMIE ISO 45001<\/h2>\r\n\r\n\r\n<p class=\"has-medium-font-size\">\u00a0<\/p>\r\n<p>Polski Komitet Normalizacyjny opublikowa\u0142 norm\u0119 PN-EN ISO 45001:2024-02 System zarz\u0105dzania bezpiecze\u0144stwem i higien\u0105 pracy &#8211; Wymagania i wytyczne stosowania, zast\u0119puj\u0105c PN-ISO 45001:2018-06. Publikacja nowej normy wynika z w\u0142\u0105czenia jej do katalogu norm europejskich.<\/p>\r\n<p><\/p>\r\n\r\n\r\n<p>Informujemy \u017ce norma PN-EN ISO 45001:2024-02 nie zawiera \u017cadnych zmian merytorycznych, w zwi\u0105zku z przyj\u0119ciem obowi\u0105zuj\u0105cej normy, nie ma konieczno\u015bci natychmiastowego dzia\u0142ania, oznacza to \u017ce wydane certyfikaty zachowuj\u0105 swoj\u0105 wa\u017cno\u015b\u0107 bez okresu przej\u015bciowego.<\/p>\r\n\r\n\r\n\r\n<p>Audyty nadzoru, mog\u0119 by\u0107 realizowane w oparciu o PN-ISO 45001:2018 do czasu przej\u015bcia na now\u0105 wersj\u0119 norm, jednak tylko do ko\u0144ca bie\u017c\u0105cego cyklu certyfikacji, istniej\u0105ce certyfikaty nale\u017cy przenie\u015b\u0107 przy ponownej certyfikacji, na \u017cyczenie klienta, mo\u017cliwe jest r\u00f3wnie\u017c, przeniesienie certyfikacji do nowej wersji normy w okresie wa\u017cno\u015bci certyfikatu. Nie planuje si\u0119 \u017cadnych dodatkowych dzia\u0142a\u0144 w celu przej\u015bcia na norm\u0119 PN-EN ISO 45001:2024-02.<\/p>\r\n\r\n\r\n<h2 class=\"wp-block-heading\">Zmiany w NORMIE ISO 27001<\/h2>\r\n\r\n\r\n<p><a href=\"https:\/\/www.eccsc.pl\/wp-content\/uploads\/2023\/06\/Informacje-dla-klientow.doc\"><strong>Pobierz dokument &#8211; <\/strong>Informacje dla klient\u00f3w dotycz\u0105ce zmian w normie ISO\/IEC 27001<\/a><\/p>\r\n\r\n\r\n\r\n<p><a href=\"https:\/\/www.eccsc.pl\/wp-content\/uploads\/2023\/07\/Information-for-customers.docx\"><strong>Download the document<\/strong> &#8211; Information for customers regarding changes to the ISOIEC 27001 standard<\/a><\/p>","protected":false},"excerpt":{"rendered":"<p>Komunikat &#8211; Zmiany klimatyczne &#8211; aktualizacja norm ISO \u00a0 Pobierz dokument &#8211; Komunikat dotycz\u0105cy wprowadzania kwestii zwi\u0105zanych ze zmianami klimatycznymi do norm ISO Zmiany w NORMIE ISO 45001 \u00a0 Polski Komitet Normalizacyjny opublikowa\u0142 norm\u0119 PN-EN ISO 45001:2024-02 System zarz\u0105dzania bezpiecze\u0144stwem i higien\u0105 pracy &#8211; Wymagania i wytyczne stosowania, zast\u0119puj\u0105c PN-ISO 45001:2018-06. Publikacja nowej normy wynika [&hellip;]<\/p>","protected":false},"author":2,"featured_media":0,"parent":0,"menu_order":0,"comment_status":"closed","ping_status":"closed","template":"","meta":{"footnotes":""},"class_list":["post-1207","page","type-page","status-publish","hentry"],"aioseo_notices":[],"_links":{"self":[{"href":"https:\/\/www.eccsc.pl\/en\/wp-json\/wp\/v2\/pages\/1207","targetHints":{"allow":["GET"]}}],"collection":[{"href":"https:\/\/www.eccsc.pl\/en\/wp-json\/wp\/v2\/pages"}],"about":[{"href":"https:\/\/www.eccsc.pl\/en\/wp-json\/wp\/v2\/types\/page"}],"author":[{"embeddable":true,"href":"https:\/\/www.eccsc.pl\/en\/wp-json\/wp\/v2\/users\/2"}],"replies":[{"embeddable":true,"href":"https:\/\/www.eccsc.pl\/en\/wp-json\/wp\/v2\/comments?post=1207"}],"version-history":[{"count":35,"href":"https:\/\/www.eccsc.pl\/en\/wp-json\/wp\/v2\/pages\/1207\/revisions"}],"predecessor-version":[{"id":1394,"href":"https:\/\/www.eccsc.pl\/en\/wp-json\/wp\/v2\/pages\/1207\/revisions\/1394"}],"wp:attachment":[{"href":"https:\/\/www.eccsc.pl\/en\/wp-json\/wp\/v2\/media?parent=1207"}],"curies":[{"name":"wp","href":"https:\/\/api.w.org\/{rel}","templated":true}]}}