{"id":18,"date":"2018-02-22T13:15:42","date_gmt":"2018-02-22T13:15:42","guid":{"rendered":"https:\/\/demo.webhuntinfotech.com\/elixar\/?page_id=18"},"modified":"2022-02-09T08:46:49","modified_gmt":"2022-02-09T07:46:49","slug":"about-us","status":"publish","type":"page","link":"https:\/\/www.eccsc.pl\/en\/about-us\/","title":{"rendered":"About us"},"content":{"rendered":"<div class=\"wp-block-columns has-2-columns is-layout-flex wp-container-core-columns-is-layout-1 wp-block-columns-is-layout-flex\">\n<div class=\"wp-block-column is-layout-flow wp-block-column-is-layout-flow\">\n<figure class=\"wp-block-image\"><img loading=\"lazy\" decoding=\"async\" width=\"1000\" height=\"699\" src=\"http:\/\/www5.eccsc.pl\/wp-content\/uploads\/2018\/02\/about-img.jpg\" alt=\"System zarz\u0105dzania jako\u015bci\u0105 ISO 9001, ISO 9001:2000, wymagania, korzy\u015bci, norma ISO 9001, ISO 9001:2015\" class=\"wp-image-161\" srcset=\"https:\/\/www.eccsc.pl\/wp-content\/uploads\/2018\/02\/about-img.jpg 1000w, https:\/\/www.eccsc.pl\/wp-content\/uploads\/2018\/02\/about-img-300x210.jpg 300w, https:\/\/www.eccsc.pl\/wp-content\/uploads\/2018\/02\/about-img-768x537.jpg 768w\" sizes=\"auto, (max-width: 1000px) 100vw, 1000px\" \/><\/figure>\n<\/div>\n\n\n\n<div class=\"wp-block-column is-layout-flow wp-block-column-is-layout-flow\">\n<p>\nPomorskie\nCentrum Certyfikacji Sp.  zo.o. dysponuje kompetentnym personelem\nposiadaj\u0105cym wiedz\u0119 i do\u015bwiadczenie w bran\u017cach obj\u0119tych procesem\ncertyfikacji oraz ci\u0105gle doskonal\u0105cym swoje umiej\u0119tno\u015bci. \n<\/p>\n\n\n\n<p>\nPomorskie\nCentrum Certyfikacji Sp.  zo.o. prowadzi certyfikacj\u0119 na terenie\nPolski oraz poza granicami kraju, zgodnie z wymaganiami\nakredytacyjnymi dotycz\u0105cymi certyfikacji transgranicznej. \n<\/p>\n\n\n\n<hr class=\"wp-block-separator\"\/>\n\n\n\n<div class=\"wp-block-button\"><a class=\"wp-block-button__link has-background has-vivid-red-background-color no-border-radius\" href=\"\/en\/o-nas-more\/\">See more<\/a><\/div>\n<\/div>\n<\/div>","protected":false},"excerpt":{"rendered":"<p>System zarz\u0105dzania jako\u015bci\u0105 ISO 9001, ISO 9001:2000, wymagania, korzy\u015bci, norma ISO 9001, ISO 9001:2015<\/p>","protected":false},"author":1,"featured_media":0,"parent":0,"menu_order":0,"comment_status":"closed","ping_status":"closed","template":"","meta":{"footnotes":""},"class_list":["post-18","page","type-page","status-publish","hentry"],"aioseo_notices":[],"_links":{"self":[{"href":"https:\/\/www.eccsc.pl\/en\/wp-json\/wp\/v2\/pages\/18","targetHints":{"allow":["GET"]}}],"collection":[{"href":"https:\/\/www.eccsc.pl\/en\/wp-json\/wp\/v2\/pages"}],"about":[{"href":"https:\/\/www.eccsc.pl\/en\/wp-json\/wp\/v2\/types\/page"}],"author":[{"embeddable":true,"href":"https:\/\/www.eccsc.pl\/en\/wp-json\/wp\/v2\/users\/1"}],"replies":[{"embeddable":true,"href":"https:\/\/www.eccsc.pl\/en\/wp-json\/wp\/v2\/comments?post=18"}],"version-history":[{"count":11,"href":"https:\/\/www.eccsc.pl\/en\/wp-json\/wp\/v2\/pages\/18\/revisions"}],"predecessor-version":[{"id":1386,"href":"https:\/\/www.eccsc.pl\/en\/wp-json\/wp\/v2\/pages\/18\/revisions\/1386"}],"wp:attachment":[{"href":"https:\/\/www.eccsc.pl\/en\/wp-json\/wp\/v2\/media?parent=18"}],"curies":[{"name":"wp","href":"https:\/\/api.w.org\/{rel}","templated":true}]}}