{"id":532,"date":"2019-08-10T10:21:28","date_gmt":"2019-08-10T08:21:28","guid":{"rendered":"http:\/\/www5.eccsc.pl\/?page_id=532"},"modified":"2025-01-18T13:04:40","modified_gmt":"2025-01-18T12:04:40","slug":"o-nas-more","status":"publish","type":"page","link":"https:\/\/www.eccsc.pl\/en\/o-nas-more\/","title":{"rendered":"About us"},"content":{"rendered":"<p>\nPomorskie\nCentrum Certyfikacji Sp. z o.o. jest akredytowan\u0105 jednostk\u0105\ncertyfikuj\u0105c\u0105 systemy zarz\u0105dzania w nast\u0119puj\u0105cych programach:<\/p>\n\n\n\n<p>\nPN-EN\nISO 9001:2015-10 \u201eSystemy zarz\u0105dzania jako\u015bci\u0105 \u2013 Wymagania.<\/p>\n\n\n\n<p>\nPN-EN\nISO 14001:2015-09 Systemy\nzarz\u0105dzania \u015brodowiskowego &#8211; Wymagania i wytyczne stosowania.<\/p>\n\n\n\n<p> PN-EN ISO 45001:2024-02 Systemy zarz\u0105dzania bezpiecze\u0144stwem i higien\u0105 pracy -Wymagania i wytyczne stosowania.<\/p>\n\n\n\n<p> PN-EN ISO 27001:2017 -06  Technika informatyczna &#8212; Techniki bezpiecze\u0144stwa &#8212; Systemy zarz\u0105dzania bezpiecze\u0144stwem informacji \u2013 Wymagania.<\/p>\n\n\n\n<p> PN-EN ISO 27001:2023-08(ISO\/IEC 27001:2022) Bezpiecze\u0144stwo informacji, cyberbezpiecze\u0144stwo i ochrona prywatno\u015bci &#8212; Systemy zarz\u0105dzania bezpiecze\u0144stwem informacji &#8212; Wymagania.<\/p>\n\n\n\n<p>\nzgodnie\nz zakresem akredytacji dost\u0119pnym jest na stronie internetowej\nPolskiego Centrum Akredytacji pod numerem AC 177.<\/p>\n\n\n\n<p>\nPomorskie\nCentrum Certyfikacji Sp.  zo.o. dysponuje kompetentnym personelem\nposiadaj\u0105cym wiedz\u0119 i do\u015bwiadczenie w bran\u017cach obj\u0119tych procesem\ncertyfikacji oraz ci\u0105gle doskonal\u0105cym swoje umiej\u0119tno\u015bci. \n<\/p>\n\n\n\n<p> Pomorskie Centrum Certyfikacji Sp.  zo.o. prowadzi certyfikacj\u0119 na terenie Polski oraz poza granicami kraju, zgodnie z wymaganiami akredytacyjnymi dotycz\u0105cymi certyfikacji transgranicznej. Jednostka prowadzi certyfikacj\u0119 system\u00f3w zarz\u0105dzania na terenie Norwegii oraz posiada t\u0105 sam\u0105 mo\u017cliwo\u015b\u0107 realizacji proces\u00f3w certyfikacyjnych na terenie Unii Europejskiej, Wielkiej Brytanii, Islandii i Szwajcarii.<\/p>\n\n\n\n<p> Deklarujemy bezstronno\u015b\u0107 prowadzonej dzia\u0142alno\u015bci w zakresie audytowania System\u00f3w Zarz\u0105dzania , odpowiedzialno\u015b\u0107, otwarto\u015b\u0107, zachowanie poufno\u015bci oraz szybkie reagowanie na skargi. W swojej strukturze organizacyjnej posiadamy wyodr\u0119bniony Komitet ds. Ochrony Bezstronno\u015bci i Odwo\u0142a\u0144, kt\u00f3ry przyczynia si\u0119 do szeroko rozumianej jako\u015bci funkcjonowania jednostki certyfikuj\u0105cej. Jego prace oparte s\u0105 na obiektywno\u015bci i bezstronno\u015bci przeprowadzanych ocen w zakresie certyfikacji system\u00f3w zarz\u0105dzania.<\/p>\n\n\n\n<p>\nProwadzimy\nr\u00f3wnie\u017c dzia\u0142alno\u015b\u0107 certyfikacyjn\u0105 obejmuj\u0105c\u0105 realizacj\u0119\nproces\u00f3w w programach i bran\u017cach nie obj\u0119tych akredytacj\u0105.\nSzczeg\u00f3\u0142owe informacje w tym zakresie mo\u017cna uzyska\u0107 bezpo\u015brednio\nkontaktuj\u0105c si\u0119 z naszym Biurem. \n<\/p>","protected":false},"excerpt":{"rendered":"<p>Pomorskie Centrum Certyfikacji Sp. z o.o. jest akredytowan\u0105 jednostk\u0105 certyfikuj\u0105c\u0105 systemy zarz\u0105dzania w nast\u0119puj\u0105cych programach: PN-EN ISO 9001:2015-10 \u201eSystemy zarz\u0105dzania jako\u015bci\u0105 \u2013 Wymagania. PN-EN ISO 14001:2015-09 Systemy zarz\u0105dzania \u015brodowiskowego &#8211; Wymagania i wytyczne stosowania. PN-EN ISO 45001:2024-02 Systemy zarz\u0105dzania bezpiecze\u0144stwem i higien\u0105 pracy -Wymagania i wytyczne stosowania. PN-EN ISO 27001:2017 -06 Technika informatyczna &#8212; Techniki [&hellip;]<\/p>","protected":false},"author":1,"featured_media":0,"parent":0,"menu_order":0,"comment_status":"closed","ping_status":"closed","template":"","meta":{"footnotes":""},"class_list":["post-532","page","type-page","status-publish","hentry"],"aioseo_notices":[],"_links":{"self":[{"href":"https:\/\/www.eccsc.pl\/en\/wp-json\/wp\/v2\/pages\/532","targetHints":{"allow":["GET"]}}],"collection":[{"href":"https:\/\/www.eccsc.pl\/en\/wp-json\/wp\/v2\/pages"}],"about":[{"href":"https:\/\/www.eccsc.pl\/en\/wp-json\/wp\/v2\/types\/page"}],"author":[{"embeddable":true,"href":"https:\/\/www.eccsc.pl\/en\/wp-json\/wp\/v2\/users\/1"}],"replies":[{"embeddable":true,"href":"https:\/\/www.eccsc.pl\/en\/wp-json\/wp\/v2\/comments?post=532"}],"version-history":[{"count":9,"href":"https:\/\/www.eccsc.pl\/en\/wp-json\/wp\/v2\/pages\/532\/revisions"}],"predecessor-version":[{"id":1387,"href":"https:\/\/www.eccsc.pl\/en\/wp-json\/wp\/v2\/pages\/532\/revisions\/1387"}],"wp:attachment":[{"href":"https:\/\/www.eccsc.pl\/en\/wp-json\/wp\/v2\/media?parent=532"}],"curies":[{"name":"wp","href":"https:\/\/api.w.org\/{rel}","templated":true}]}}