{"id":537,"date":"2019-08-10T10:30:10","date_gmt":"2019-08-10T08:30:10","guid":{"rendered":"http:\/\/www5.eccsc.pl\/?page_id=537"},"modified":"2022-03-11T12:30:43","modified_gmt":"2022-03-11T11:30:43","slug":"proces-certyfikacji-iso-90012015","status":"publish","type":"page","link":"https:\/\/www.eccsc.pl\/en\/ceryfikacja-iso\/proces-certyfikacji-iso-90012015\/","title":{"rendered":"Proces Certyfikacji ISO"},"content":{"rendered":"<h2 class=\"wp-block-heading\">Certyfikacja System\u00f3w Zarz\u0105dzania: <a href=\"\/en\/ceryfikacja-iso\/normy-iso-9001-certyfikacja-iso-9001\/\">ISO 9001:2015<\/a><\/h2>\n\n\n<p>Systemy zarz\u0105dzania jako\u015bci\u0105 czyli proces Certyfikacji na zgodno\u015b\u0107 z PN-EN ISO 9001 :2015 -10 , kt\u00f3r\u0105 Pa\u0144stwu oferujemy zosta\u0142a zatwierdzona przez PARP jako spe\u0142niaj\u0105ca wymagania wysokiej jako\u015bci us\u0142ug szkoleniowych lub doradczych \u015bwiadczonych przez podmioty rejestruj\u0105ce si\u0119 w Bazie Us\u0142ug Rozwojowych <a href=\"http:\/\/serwis-uslugirozwojowe.parp.gov.pl\/baza-wiedzy\/lista-certyfikatow-akredytacji\" target=\"_blank\" rel=\"noopener noreferrer\">http:\/\/serwis-uslugirozwojowe.parp.gov.pl\/baza-wiedzy\/lista-certyfikatow-akredytacji<\/a><\/p>\n\n\n<h2 class=\"wp-block-heading\"><a href=\"\/en\/certyfikacja-iso-9001-pcc-certification\/\">Certyfikacja Systemu Zarz\u0105dzania Jako\u015bci\u0105 ISO<\/a><\/h2>\n\n\n<p>Certyfikacja Systemu Zarz\u0105dzania Jako\u015bci\u0105 to procedura, w wyniku kt\u00f3rej instytucja niezale\u017cna od organizacji, dostawcy i odbiorcy udziela pisemnego zapewnienia, \u017ce nale\u017cycie zidentyfikowany wyr\u00f3b, proces lub us\u0142uga s\u0105 zgodne z okre\u015blon\u0105 norm\u0105 lub z w\u0142a\u015bciwymi przepisami prawnymi. Wi\u0105\u017ce si\u0119 bezpo\u015brednio ze specyficznym rodzajem audytu zewn\u0119trznego tzw. audytem certyfikuj\u0105cym. W Polsce certyfikacj\u0119 przeprowadzaj\u0105 instytucje polskie, jak te\u017c polskie przedstawicielstwa zagranicznych jednostek certyfikacyjnych.<\/p>\n\n\n<h2 class=\"wp-block-heading\">Etapy procesu certyfikacji Systemu Zarz\u0105dzania Jako\u015bci\u0105. <\/h2>\n\n\n<p>Przygotowania do certyfikacji systemu zarz\u0105dzania jako\u015bci\u0105 zgodnie z normami ISO 9001 mog\u0105 trwa\u0107 nawet do kilku lat i powinny wi\u0105za\u0107 si\u0119 z przyj\u0119ciem optymalnego modelu doskonalenia zarz\u0105dzania. Ca\u0142o\u015bciowy proces dokumentowania i wdra\u017cania systemu zarz\u0105dzania jako\u015bci\u0105 dzieli si\u0119 na 3 podstawowe etapy, do kt\u00f3rych nale\u017c\u0105: opracowanie, wdro\u017cenie i utrzymanie systemu. Istotn\u0105 rol\u0119 w sprawnym przeprowadzeniu ca\u0142ego procesu ogrywa szczeg\u00f3\u0142owy harmonogram wdra\u017cania systemu w organizacji. Niew\u0105tpliwym atutem jest w\u0142a\u015bciwie przeprowadzony etap opracowania, niejednokrotnie przes\u0105dzaj\u0105cy o sukcesie wprowadzenia systemu zarz\u0105dzania jako\u015bci\u0105.<\/p>\n\n\n<h2 class=\"wp-block-heading\">Proces wdra\u017cania norm dzieli si\u0119 na 8\u201310 etap\u00f3w. <\/h2>\n\n\n<ul>\n<li>Pierwszy polega na podj\u0119ciu decyzji o poddaniu si\u0119 certyfikacji we w\u0142a\u015bciwym momencie rozwoju organizacji. Wa\u017cne jest, by zarz\u0105d firmy zdawa\u0142 sobie spraw\u0119 z przej\u015bciowych trudno\u015bci, jakie wi\u0105\u017c\u0105 si\u0119 z tym procesem np. z harmonizacj\u0105 procesu produkcji.<\/li>\n<li>Kolejnym krokiem jest przygotowanie si\u0119 do wprowadzenia normy ISO, czyli implementacja systemu zarz\u0105dzania (jako\u015bci\u0105, \u015brodowiskiem, b\u0105d\u017a bezpiecze\u0144stwem informacji czy zarzadzaniem bezpiecze\u0144stwem i higiena pracy). Jego pierwsz\u0105 cz\u0119\u015bci\u0105 jest analiza aktualnego systemu zarz\u0105dzania i por\u00f3wnanie go z wymaganiami normy ISO. W tym czasie firma powinna wprowadzi\u0107 w \u017cycie procedury wymagane przez normy ISO.<\/li>\n<li>Niezwykle wa\u017cnym etapem jest wyb\u00f3r odpowiedniej jednostki certyfikuj\u0105cej.&nbsp; Wyb\u00f3r jednostki certyfikuj\u0105cej powinien zale\u017ce\u0107 od strategii i rynk\u00f3w zbytu danego podmiotu gospodarczego.<\/li>\n<li>Czwarte stadium polega na przeprowadzeniu audytu wewn\u0119trznego. Nale\u017cy zwr\u00f3ci\u0107 uwag\u0119, aby poszczeg\u00f3lne procedury zna\u0142o nie tylko kierownictwo, ale r\u00f3wnie\u017c szeregowi pracownicy.<\/li>\n<li>W\u0142a\u015bciwa certyfikacja zaczyna si\u0119 od etapu pi\u0105tego, czyli podpisania umowy z firm\u0105 certyfikuj\u0105c\u0105.<\/li>\n<li>Uzgodnienie terminu certyfikacji.&nbsp;<\/li>\n<li>Przebieg certyfikacji opisany jest w programie certyfikacji.<\/li>\n<\/ul>\n<p>Pozytywne przej\u015bcie ca\u0142ej procedury skutkuje uzyskaniem certyfikatu zgodno\u015bci z norm\u0105 ISO. Certyfikat na zgodno\u015b\u0107 z norm\u0105 ISO przyznawany jest na 3 lata. Warunkiem przed\u0142u\u017cenia certyfikatu na nast\u0119pny trzyletni okres jest audyt recertyfikacyjny.<\/p>\n<p><strong>Certyfikacja system\u00f3w jako\u015bci ISO<\/strong> jest procesem dobrowolnym uznanym oficjalnie przez pa\u0144stwa Wsp\u00f3lnoty za jeden z instrument\u00f3w zniesienia barier w wymianie mi\u0119dzynarodowej. Utworzono jednolite zasady zapewniaj\u0105ce, \u017ce uzyskany certyfikat ma takie same znaczenie w ka\u017cdym kraju UE<\/p>","protected":false},"excerpt":{"rendered":"<p>Certyfikacja System\u00f3w Zarz\u0105dzania: ISO 9001:2015 Systemy zarz\u0105dzania jako\u015bci\u0105 czyli proces Certyfikacji na zgodno\u015b\u0107 z PN-EN ISO 9001 :2015 -10 , kt\u00f3r\u0105 Pa\u0144stwu oferujemy zosta\u0142a zatwierdzona przez PARP jako spe\u0142niaj\u0105ca wymagania wysokiej jako\u015bci us\u0142ug szkoleniowych lub doradczych \u015bwiadczonych przez podmioty rejestruj\u0105ce si\u0119 w Bazie Us\u0142ug Rozwojowych http:\/\/serwis-uslugirozwojowe.parp.gov.pl\/baza-wiedzy\/lista-certyfikatow-akredytacji Certyfikacja Systemu Zarz\u0105dzania Jako\u015bci\u0105 ISO Certyfikacja Systemu Zarz\u0105dzania Jako\u015bci\u0105 [&hellip;]<\/p>","protected":false},"author":1,"featured_media":0,"parent":751,"menu_order":0,"comment_status":"closed","ping_status":"closed","template":"","meta":{"footnotes":""},"class_list":["post-537","page","type-page","status-publish","hentry"],"aioseo_notices":[],"_links":{"self":[{"href":"https:\/\/www.eccsc.pl\/en\/wp-json\/wp\/v2\/pages\/537","targetHints":{"allow":["GET"]}}],"collection":[{"href":"https:\/\/www.eccsc.pl\/en\/wp-json\/wp\/v2\/pages"}],"about":[{"href":"https:\/\/www.eccsc.pl\/en\/wp-json\/wp\/v2\/types\/page"}],"author":[{"embeddable":true,"href":"https:\/\/www.eccsc.pl\/en\/wp-json\/wp\/v2\/users\/1"}],"replies":[{"embeddable":true,"href":"https:\/\/www.eccsc.pl\/en\/wp-json\/wp\/v2\/comments?post=537"}],"version-history":[{"count":21,"href":"https:\/\/www.eccsc.pl\/en\/wp-json\/wp\/v2\/pages\/537\/revisions"}],"predecessor-version":[{"id":1173,"href":"https:\/\/www.eccsc.pl\/en\/wp-json\/wp\/v2\/pages\/537\/revisions\/1173"}],"up":[{"embeddable":true,"href":"https:\/\/www.eccsc.pl\/en\/wp-json\/wp\/v2\/pages\/751"}],"wp:attachment":[{"href":"https:\/\/www.eccsc.pl\/en\/wp-json\/wp\/v2\/media?parent=537"}],"curies":[{"name":"wp","href":"https:\/\/api.w.org\/{rel}","templated":true}]}}