{"id":539,"date":"2019-08-10T10:30:10","date_gmt":"2019-08-10T08:30:10","guid":{"rendered":"http:\/\/www5.eccsc.pl\/?page_id=539"},"modified":"2024-02-15T17:44:43","modified_gmt":"2024-02-15T16:44:43","slug":"polityka-jakosci-i-bezstronnosci","status":"publish","type":"page","link":"https:\/\/www.eccsc.pl\/en\/polityka-jakosci-i-bezstronnosci\/","title":{"rendered":"Quality and impartiality policy"},"content":{"rendered":"<p><em><strong>Quality and Impartial Policy Statement<\/strong><\/em>      <\/p>\n\n\n\n<p><strong><a href=\"https:\/\/www.eccsc.pl\/wp-content\/uploads\/2024\/02\/Declaration-of-Quality-and-Impartiality-Policy.docx\"> [ENG DOWNLOAD] Declaration of Quality and Impartiality Policy<\/a><\/strong> <\/p>\n\n\n\n<p><em>Pomorskie\nCentrum Certyfikacji Sp. z o.o.&nbsp; jest jednostk\u0105 certyfikuj\u0105c\u0105\nsystemy zarz\u0105dzania organizacji, dost\u0119pn\u0105 dla wszystkich\nwnioskodawc\u00f3w. Dostarczamy naszym Klientom us\u0142ugi w zakresie\nniezale\u017cnej i bezstronnej oceny zgodno\u015bci z przyj\u0119tymi\nstandardami, by spe\u0142nia\u0107 Ich oczekiwania. Aby realizowa\u0107 powy\u017csze\nza\u0142o\u017cenie przyj\u0119li\u015bmy nast\u0119puj\u0105ce cele:<\/em><\/p>\n\n\n\n<p><em>1.\n&nbsp;Przeprowadzanie proces\u00f3w certyfikacji zgodnie z norm\u0105\nodniesienia, wymaganiami w\u0142asnymi i wymaganiami prawnymi przez\nkompetentny personel na terenie kraju oraz poza jego granicami. <\/em>\n<\/p>\n\n\n\n<p><em>2.\nCi\u0105g\u0142y &nbsp;rozw\u00f3j i doskonalenie systemu zarz\u0105dzania zgodnie z\newolucj\u0105 norm, wymaga\u0144 w\u0142asnych i wymaga\u0144 prawnych<\/em><\/p>\n\n\n\n<p><em>3.\nUwzgl\u0119dnianie  podej\u015bcia opartego na ryzyku zwi\u0105zanym z\nprowadzeniem certyfikacji w spos\u00f3b kompetentny, sp\u00f3jny i bezstronny<\/em><\/p>\n\n\n\n<p><em>4.\nCi\u0105g\u0142e doskonalenie systemu zarz\u0105dzania <\/em>\n<\/p>\n\n\n\n<p><em>Cele\nte realizujemy poprzez:<\/em><\/p>\n\n\n\n<ol class=\"wp-block-list\"><li><em>Zapewnienie\n\tbezstronno\u015bci i poufno\u015bci na wszystkich poziomach funkcjonowania\n\tnaszej jednostki, zw\u0142aszcza poufno\u015bci informacji uzyskanych od\n\tKlient\u00f3w.<\/em>\n\t<\/li><li><em>Profesjonaln\u0105\n\tobs\u0142ug\u0119 naszych Klient\u00f3w.<\/em>\n\t<\/li><li><em>Zachowanie\n\tprzejrzysto\u015bci systemu certyfikacji dzi\u0119ki upublicznionej\n\tinformacji o&nbsp;zasadach jego funkcjonowania.<\/em>\n\t<\/li><li><em>Wysok\u0105 etyk\u0119\n\tzawodow\u0105, odpowiedzialno\u015b\u0107 i bezstronno\u015b\u0107 personelu.<\/em>\n<\/li><\/ol>\n\n\n\n<p><em>Prezes\nPomorskiego Centrum Certyfikacji Sp. z o.o. zapewnia, \u017ce rozumie\nznaczenie bezstronno\u015bci w prowadzonych procesach  certyfikacji,\nzarz\u0105dza konfliktami interes\u00f3w oraz gwarantuje obiektywno\u015b\u0107 w\nprzeprowadzanych procesach oceny zgodno\u015bci.  Deklaruje w\nszczeg\u00f3lno\u015bci:<\/em><\/p>\n\n\n\n<ul class=\"wp-block-list\"><li><em>dzia\u0142a\u0107\n\tbezstronnie i niezale\u017cnie jako strona trzecia,<\/em>\n\t<\/li><li><em>nie\n\tprzeprowadza\u0107 proces\u00f3w certyfikacji innych jednostek\n\tcertyfikuj\u0105cych,                        a przede wszystkim\n\tcertyfikacji systemu zarz\u0105dzania jako\u015bci\u0105,<\/em>\n\t<\/li><li><em>nie oferowa\u0107\n\tani  nie \u015bwiadczy\u0107 us\u0142ug konsultacyjnych w zakresie system\u00f3w\n\tzarz\u0105dzania, w tym tak\u017ce audit\u00f3w wewn\u0119trznych,<\/em>\n\t<\/li><li><em>nie prowadzi\u0107\n\tszkole\u0144 dedykowanych, kt\u00f3re zagra\u017ca\u0142yby postrzeganiu Pomorskiego\n\tCentrum Certyfikacji Sp. z o.o. jako organizacji niezale\u017cnej\n\ti&nbsp;bezstronnej,<\/em>\n\t<\/li><li><em>identyfikowa\u0107\n\ti analizowa\u0107 potencjalne konflikty interes\u00f3w oraz podejmowa\u0107\n\tdzia\u0142ania zmierzaj\u0105ce do likwidacji lub minimalizacji zagro\u017ce\u0144,<\/em>\n\t<\/li><li><em>nie\n\tpodejmowa\u0107 si\u0119 certyfikacji w przypadku niedopuszczalnego\n\tzagro\u017cenia dla bezstronno\u015bci,<\/em>\n\t<\/li><li><em>personel\n\tjednostki certyfikuj\u0105cej jest profesjonalny, kompetentny, dzia\u0142a\n\tobiektywnie, niezale\u017cnie, nie ulega naciskom handlowym i\n\tfinansowym,<\/em>\n\t<\/li><li><em>bezstronno\u015b\u0107\n\tdzia\u0142ania personelu, w tym nie ocenianie w\u0142asnej pracy oraz\n\tunikanie zagro\u017ce\u0144 wynikaj\u0105cych z familiarno\u015bci,<\/em>\n\t<\/li><li><em>podejmowa\u0107\n\tdecyzje w procesach certyfikacji na podstawie obiektywnych dowod\u00f3w,<\/em>\n\t<\/li><li><em>by\u0107\n\todpowiedzialnym za bezstronno\u015b\u0107 na wszystkich etapach prowadzonej\n\tdzia\u0142alno\u015bci certyfikacyjnej,<\/em>\n\t<\/li><li><em>realizowa\u0107\n\tprocesy akredytowanej dzia\u0142alno\u015bci transgranicznej w obszarze\n\toceny zgodno\u015bci,  z zapewnieniem przestrzegania wymaga\u0144\n\takredytacyjnych zawartych w obowi\u0105zuj\u0105cych  dokumentach PCA oraz\n\tIAF a tak\u017ce zgodnie  z  przyj\u0119tymi zasadami, procedurami i\n\tpolityk\u0105 z uwzgl\u0119dnieniem specyfiki obszaru geograficznego kraju,\n\tkultury,  w kt\u00f3rym prowadzona jest dzia\u0142alno\u015b\u0107 podlegaj\u0105ca\n\tcertyfikacji, <\/em>\n\t\n\t<\/li><li><em>uwzgl\u0119dnia\u0107\n\tw\u0142asne mo\u017cliwo\u015bci techniczne i kompetencje personelu do\n\tzapewnienia wymaganej wiedzy z uwzgl\u0119dnieniem znajomo\u015bci j\u0119zyka i\n\twymaga\u0144 prawnych  kraju,  w kt\u00f3rym prowadzona jest certyfikacja,<\/em>\n\t<\/li><li><em>prowadzi\u0107\n\tprocesy certyfikacji transgranicznej w krajach, kt\u00f3re uwzgl\u0119dnia\n\taktualna polisa  ubezpieczeniowa.<\/em>\n<\/li><\/ul>\n\n\n\n<p><em>We declare the impartiality of our operations in the field of management system certification, responsibility, openness, confidentiality and responding to complaints.<\/em><\/p>\n\n\n\n<p><\/p>\n\n\n\n<p class=\"translation-block\"><em><strong>President<\/strong> <\/em> <br> <em> <strong> Anna Jasiak-Kujawska <\/strong> <\/em><\/p>\n\n\n\n<p><em>Polityka Jako\u015bci i Bezstronno\u015bci edycja 5 z dnia 24.02.2021r.<\/em><\/p>","protected":false},"excerpt":{"rendered":"<p>Deklaracja Polityki Jako\u015bci i Bezstronno\u015bci [ENG DOWNLOAD] Declaration of Quality and Impartiality Policy Pomorskie Centrum Certyfikacji Sp. z o.o.&nbsp; jest jednostk\u0105 certyfikuj\u0105c\u0105 systemy zarz\u0105dzania organizacji, dost\u0119pn\u0105 dla wszystkich wnioskodawc\u00f3w. Dostarczamy naszym Klientom us\u0142ugi w zakresie niezale\u017cnej i bezstronnej oceny zgodno\u015bci z przyj\u0119tymi standardami, by spe\u0142nia\u0107 Ich oczekiwania. Aby realizowa\u0107 powy\u017csze za\u0142o\u017cenie przyj\u0119li\u015bmy nast\u0119puj\u0105ce cele: 1. [&hellip;]<\/p>","protected":false},"author":1,"featured_media":0,"parent":0,"menu_order":0,"comment_status":"closed","ping_status":"closed","template":"","meta":{"footnotes":""},"class_list":["post-539","page","type-page","status-publish","hentry"],"aioseo_notices":[],"_links":{"self":[{"href":"https:\/\/www.eccsc.pl\/en\/wp-json\/wp\/v2\/pages\/539","targetHints":{"allow":["GET"]}}],"collection":[{"href":"https:\/\/www.eccsc.pl\/en\/wp-json\/wp\/v2\/pages"}],"about":[{"href":"https:\/\/www.eccsc.pl\/en\/wp-json\/wp\/v2\/types\/page"}],"author":[{"embeddable":true,"href":"https:\/\/www.eccsc.pl\/en\/wp-json\/wp\/v2\/users\/1"}],"replies":[{"embeddable":true,"href":"https:\/\/www.eccsc.pl\/en\/wp-json\/wp\/v2\/comments?post=539"}],"version-history":[{"count":6,"href":"https:\/\/www.eccsc.pl\/en\/wp-json\/wp\/v2\/pages\/539\/revisions"}],"predecessor-version":[{"id":1383,"href":"https:\/\/www.eccsc.pl\/en\/wp-json\/wp\/v2\/pages\/539\/revisions\/1383"}],"wp:attachment":[{"href":"https:\/\/www.eccsc.pl\/en\/wp-json\/wp\/v2\/media?parent=539"}],"curies":[{"name":"wp","href":"https:\/\/api.w.org\/{rel}","templated":true}]}}