{"id":540,"date":"2019-08-10T10:30:10","date_gmt":"2019-08-10T08:30:10","guid":{"rendered":"http:\/\/www5.eccsc.pl\/?page_id=540"},"modified":"2026-01-21T09:09:32","modified_gmt":"2026-01-21T08:09:32","slug":"wniosek-o-certyfikacje-iso-9001-iso-14001iso-45001-iso-27001","status":"publish","type":"page","link":"https:\/\/www.eccsc.pl\/en\/wniosek-o-certyfikacje-iso-9001-iso-14001iso-45001-iso-27001\/","title":{"rendered":"Application for ISO 9001, ISO 14001, ISO 45001, ISO 27001 certification"},"content":{"rendered":"<p><strong>Ladies and gentlemen,<\/strong>\u00a0w celu przedstawienia Pa\u0144stwu kalkulacji i wyceny koszt\u00f3w zwi\u0105zanych z procesem certyfikacji Systemu Zarz\u0105dzania ISO w Pa\u0144stwa organizacji, zwracamy si\u0119 z pro\u015bb\u0105 o wype\u0142nienie znajduj\u0105cego si\u0119 powy\u017cej Wniosku. Informacje zawarte we wniosku traktowane s\u0105 jako poufne i niezobowi\u0105zuj\u0105ce.<\/p>\r\n\r\n<ul>\r\n<li><a href=\"https:\/\/www.eccsc.pl\/wp-content\/uploads\/2026\/01\/wniosek-o-certyfikacje.docx\">POBIERZ Wniosek_o_certyfikacje edycja 23 z 29.12.2025 [POLSKI]<\/a><\/li>\r\n<li><a href=\"https:\/\/www.eccsc.pl\/wp-content\/uploads\/2026\/01\/Aplication-Wniosek.doc\">DOWNLOAD Application [ENGLISH]<\/a><\/li>\r\n<\/ul>\r\n<p>Prosimy wniosek przes\u0142a\u0107 na adres:<br \/><strong data-rich-text-format-boundary=\"true\">pcc.iso.certyfikacja@gmail.com<\/strong><br \/>or<br \/><strong data-rich-text-format-boundary=\"true\">Pomorskie Centrum Certyfikacji Sp. z o.o<\/strong><br \/><strong data-rich-text-format-boundary=\"true\">83-032 Skowarcz<\/strong><br \/><strong data-rich-text-format-boundary=\"true\">ul. Jod\u0142owa 16<\/strong><\/p>\r\n\r\n<h2 class=\"wp-block-heading\">Wniosek\u00a0o\u00a0certyfikacj\u0119 ISO<\/h2>\r\n\r\n<p>Wniosek o certyfikacj\u0119 jest dokumentem, kt\u00f3ry powinien zosta\u0107 wype\u0142niony jako pierwszy dokument na podstawie kt\u00f3rego dokonana zostaje oferta na certyfikacj\u0119 systemu zarz\u0105dzania. Wniosek o certyfikacj\u0119 jest przesy\u0142any przez klienta wraz ze wszystkimi za\u0142\u0105cznikami (je\u015bli istniej\u0105). Opisuje si\u0119 w nim m.in. obszary prowadzonej dzia\u0142alno\u015bci oraz wskazuje wymagania prawne w oparciu o kt\u00f3re firma ubiegaj\u0105ca si\u0119 o certyfikacj\u0119 funkcjonuje.\u00a0 Wniosek o certyfikacje mo\u017cna pobra\u0107 z naszej strony www.<\/p>","protected":false},"excerpt":{"rendered":"<p>Szanowni Pa\u0144stwo,\u00a0w celu przedstawienia Pa\u0144stwu kalkulacji i wyceny koszt\u00f3w zwi\u0105zanych z procesem certyfikacji Systemu Zarz\u0105dzania ISO w Pa\u0144stwa organizacji, zwracamy si\u0119 z pro\u015bb\u0105 o wype\u0142nienie znajduj\u0105cego si\u0119 powy\u017cej Wniosku. Informacje zawarte we wniosku traktowane s\u0105 jako poufne i niezobowi\u0105zuj\u0105ce. POBIERZ Wniosek_o_certyfikacje edycja 23 z 29.12.2025 [POLSKI] DOWNLOAD Application [ENGLISH] Prosimy wniosek przes\u0142a\u0107 na adres:pcc.iso.certyfikacja@gmail.comlubPomorskie Centrum [&hellip;]<\/p>","protected":false},"author":1,"featured_media":0,"parent":0,"menu_order":0,"comment_status":"closed","ping_status":"closed","template":"","meta":{"footnotes":""},"class_list":["post-540","page","type-page","status-publish","hentry"],"aioseo_notices":[],"_links":{"self":[{"href":"https:\/\/www.eccsc.pl\/en\/wp-json\/wp\/v2\/pages\/540","targetHints":{"allow":["GET"]}}],"collection":[{"href":"https:\/\/www.eccsc.pl\/en\/wp-json\/wp\/v2\/pages"}],"about":[{"href":"https:\/\/www.eccsc.pl\/en\/wp-json\/wp\/v2\/types\/page"}],"author":[{"embeddable":true,"href":"https:\/\/www.eccsc.pl\/en\/wp-json\/wp\/v2\/users\/1"}],"replies":[{"embeddable":true,"href":"https:\/\/www.eccsc.pl\/en\/wp-json\/wp\/v2\/comments?post=540"}],"version-history":[{"count":22,"href":"https:\/\/www.eccsc.pl\/en\/wp-json\/wp\/v2\/pages\/540\/revisions"}],"predecessor-version":[{"id":1418,"href":"https:\/\/www.eccsc.pl\/en\/wp-json\/wp\/v2\/pages\/540\/revisions\/1418"}],"wp:attachment":[{"href":"https:\/\/www.eccsc.pl\/en\/wp-json\/wp\/v2\/media?parent=540"}],"curies":[{"name":"wp","href":"https:\/\/api.w.org\/{rel}","templated":true}]}}