{"id":541,"date":"2019-08-10T10:30:10","date_gmt":"2019-08-10T08:30:10","guid":{"rendered":"http:\/\/www5.eccsc.pl\/?page_id=541"},"modified":"2026-01-22T09:00:24","modified_gmt":"2026-01-22T08:00:24","slug":"program-certyfikacji-systemow-zarzadzania-iso","status":"publish","type":"page","link":"https:\/\/www.eccsc.pl\/en\/program-certyfikacji-systemow-zarzadzania-iso\/","title":{"rendered":"ISO management system certification program"},"content":{"rendered":"<p>Program Certyfikacji System\u00f3w Zarzadzania\u00a0 ISO 9001, ISO 14001, ISO 45001, ISO 27001, pe\u0142ni rol\u0119 przewodnika po procesie certyfikacji. Znajd\u0105 w nim Pa\u0144stwo informacje o tym jak przebiega ten proces, z jakich etap\u00f3w si\u0119 sk\u0142ada oraz na co auditor zwraca szczeg\u00f3ln\u0105 uwag\u0119.<\/p>\r\n<ul>\r\n<li><a href=\"https:\/\/www.eccsc.pl\/wp-content\/uploads\/2026\/01\/Program-Certyfikacji-Systemow-Zarzadzania.doc\">POBIERZ: PC Program Certyfikacji System\u00f3w Zarz\u0105dzania edycja 14 wydanie 13.11.2025<\/a><\/li>\r\n<li><strong><a href=\"https:\/\/www.eccsc.pl\/wp-content\/uploads\/2024\/02\/Management-Systems-Certification-Program.doc\">DOWNLOAD Management Systems Certification Program [ENGLISH]<\/a><\/strong><\/li>\r\n<\/ul>\r\n\r\n<h2 class=\"wp-block-heading\">Program certyfikacji system\u00f3w zarz\u0105dzania<\/h2>\r\n\r\n<p>Program certyfikacji to inaczej m\u00f3wi\u0105c skr\u00f3cony opis procedury certyfikacyjnej system\u00f3w zarz\u0105dzania realizowanej przez Jednostk\u0119 Certyfikuj\u0105c\u0105 Systemy Zarz\u0105dzania Pomorskie Centrum Certyfikacji Sp. z o.o.\u00a0<\/p>\r\n<p>Do najpopularniejszych system\u00f3w zarz\u0105dzania mo\u017cna zaliczy\u0107:<\/p>\r\n<ul>\r\n<li>System zarz\u0105dzania jako\u015bci\u0105 (QMS) wg PN-EN ISO 9001:2015-10<\/li>\r\n<li>System zarz\u0105dzania \u015brodowiskowego wg PN-EN ISO 14001:2015-09<\/li>\r\n<li>System zarz\u0105dzania bezpiecze\u0144stwem i higien\u0105 pracy (BHP) wg PN-EN ISO 45001:2024-02<\/li>\r\n<li>System zarz\u0105dzania bezpiecze\u0144stwem informacji (SZBI)\u00a0 \u00a0 \u00a0 \u00a0 \u00a0 \u00a0 \u00a0 \u00a0 \u00a0 \u00a0 \u00a0 \u00a0 \u00a0 \u00a0 \u00a0 \u00a0 \u00a0 \u00a0 \u00a0 \u00a0 \u00a0 \u00a0 \u00a0 \u00a0 \u00a0 \u00a0 \u00a0 \u00a0 \u00a0 \u00a0 \u00a0 \u00a0 \u00a0 wg PN-EN ISO\/IEC 27001:2023-08(ISO\/IEC 27001:2022)<\/li>\r\n<\/ul>\r\n<p>Pomorskie Centrum Certyfikacji Sp. z o.o. jest akredytowan\u0105 jednostk\u0105 certyfikuj\u0105c\u0105 systemy zarz\u0105dzania w nast\u0119puj\u0105cych programach:<\/p>\r\n<p>PN-EN ISO 9001:2015-10 \u201eSystemy zarz\u0105dzania jako\u015bci\u0105 \u2013 Wymagania.<\/p>\r\n<p>PN-EN ISO 14001:2015-09 Systemy zarz\u0105dzania \u015brodowiskowego \u2013 Wymagania i wytyczne stosowania.<\/p>\r\n<p>PN-EN ISO 45001:2024-02 Systemy zarz\u0105dzania bezpiecze\u0144stwem i higien\u0105 pracy -Wymagania i wytyczne stosowania.<\/p>\r\n<p>PN- EN ISO\/IEC 27001:2023-08 Bezpiecze\u0144stwo informacji, cyberbezpiecze\u0144stwo i ochrona prywatno\u015bci &#8211; systemy zarz\u0105dzania bezpiecze\u0144stwem informacji &#8211; wymagania.<\/p>\r\n<p>Pomorskie Centrum Certyfikacji Sp. zo.o. dysponuje kompetentnym personelem posiadaj\u0105cym wiedz\u0119 i do\u015bwiadczenie w bran\u017cach obj\u0119tych procesem certyfikacji oraz ci\u0105gle doskonal\u0105cym swoje umiej\u0119tno\u015bci.<\/p>\r\n<p>Pomorskie Centrum Certyfikacji Sp. zo.o. prowadzi certyfikacj\u0119 na terenie Polski oraz poza granicami kraju, zgodnie z wymaganiami akredytacyjnymi dotycz\u0105cymi certyfikacji transgranicznej.<\/p>\r\n<p>&nbsp;<\/p>\r\n<p>Procedura certyfikacyjna System\u00f3w Zarz\u0105dzania dzieli si\u0119 na kilka, poni\u017cej opisanych faz. Jest ona realizowana przez pracownik\u00f3w i audytor\u00f3w Pomorskie Centrum Certyfikacji Sp. z o.o. Do ka\u017cdego procesu certyfikacji audytorzy wybierani s\u0105 przez Kierownika Jednostki Certyfikuj\u0105cej Systemy Zarz\u0105dzania odpowiednio do posiadanych kwalifikacji i kompetencji.<\/p>\r\n<p>Przygotowanie do audytu s\u0142u\u017cy zbadaniu celowo\u015bci i mo\u017cliwo\u015bci przeprowadzenia certyfikacji u Klienta.<\/p>\r\n<p>Na podstawie wype\u0142nionego i przes\u0142anego przez Klienta \u201eZapytania ofertowego\u201d Jednostka Certyfikuj\u0105ca ocenia, czy posiada wszystkie konieczne informacje i czy s\u0105 one wystarczaj\u0105ce dla sformu\u0142owania oferty dla Klienta (ewentualne niejasno\u015bci wyja\u015bniane s\u0105 z Klientem). Warunki certyfikacji zawiera przes\u0142ana do Klienta oferta. Rozpocz\u0119cie procesu certyfikacji nast\u0119puje po przes\u0142aniu przez Klienta zlecenia akceptuj\u0105cego ofert\u0119.<\/p>\r\n<p>Jednostka Certyfikuj\u0105ca zawiera z Klientem umow\u0119 na certyfikacj\u0119 systemu zarz\u0105dzania, kt\u00f3ra okre\u015bla prawa i obowi\u0105zki stron.<\/p>\r\n<p>Zlecenie Klienta jest podstaw\u0105 do rozpocz\u0119cia fazy planowania i przeprowadzenia audytu.<\/p>\r\n<p>Jednostka Certyfikuj\u0105ca, z odpowiednim wyprzedzeniem, informuje klienta o terminie ka\u017cdego auditu (uzgodnionym z klientem) oraz sk\u0142adzie zespo\u0142u auditorskiego. Ka\u017cdorazowo wyznaczany jest lider zespo\u0142u auditowego. Klient ma prawo zg\u0142oszenia uzasadnionego sprzeciwu wobec wyznaczenia ka\u017cdego konkretnego auditora lub eksperta technicznego.<\/p>\r\n<p>Klient jest zobowi\u0105zany do umo\u017cliwienia auditorom wykonania wszystkich czynno\u015bci niezb\u0119dnych dla przeprowadzenia audit\u00f3w, w tym dzia\u0142a\u0144 umo\u017cliwiaj\u0105cych analiz\u0119 dokumentacji i zapewnienia dost\u0119pu do wszystkich proces\u00f3w i obszar\u00f3w obj\u0119tych certyfikacj\u0105. W systemie zarz\u0105dzania bezpiecze\u0144stwem informacji w przypadku, gdy Klient uzna, \u017ce jakiekolwiek informacje nie mog\u0105 by\u0107 udost\u0119pnione zespo\u0142owi audituj\u0105cemu (np. zapisy SZBI czy informacje o projekcie lub efektywno\u015bci zabezpiecze\u0144 ), poniewa\u017c , zawieraj\u0105 informacje poufne lub wra\u017cliwe , wskazuje je we wniosku \u00a0<\/p>\r\n\r\n<p>&nbsp;<\/p>","protected":false},"excerpt":{"rendered":"<p>Program Certyfikacji System\u00f3w Zarzadzania\u00a0 ISO 9001, ISO 14001, ISO 45001, ISO 27001, pe\u0142ni rol\u0119 przewodnika po procesie certyfikacji. Znajd\u0105 w nim Pa\u0144stwo informacje o tym jak przebiega ten proces, z jakich etap\u00f3w si\u0119 sk\u0142ada oraz na co auditor zwraca szczeg\u00f3ln\u0105 uwag\u0119. POBIERZ: PC Program Certyfikacji System\u00f3w Zarz\u0105dzania edycja 14 wydanie 13.11.2025 DOWNLOAD Management Systems Certification [&hellip;]<\/p>","protected":false},"author":1,"featured_media":0,"parent":0,"menu_order":0,"comment_status":"closed","ping_status":"closed","template":"","meta":{"footnotes":""},"class_list":["post-541","page","type-page","status-publish","hentry"],"aioseo_notices":[],"_links":{"self":[{"href":"https:\/\/www.eccsc.pl\/en\/wp-json\/wp\/v2\/pages\/541","targetHints":{"allow":["GET"]}}],"collection":[{"href":"https:\/\/www.eccsc.pl\/en\/wp-json\/wp\/v2\/pages"}],"about":[{"href":"https:\/\/www.eccsc.pl\/en\/wp-json\/wp\/v2\/types\/page"}],"author":[{"embeddable":true,"href":"https:\/\/www.eccsc.pl\/en\/wp-json\/wp\/v2\/users\/1"}],"replies":[{"embeddable":true,"href":"https:\/\/www.eccsc.pl\/en\/wp-json\/wp\/v2\/comments?post=541"}],"version-history":[{"count":35,"href":"https:\/\/www.eccsc.pl\/en\/wp-json\/wp\/v2\/pages\/541\/revisions"}],"predecessor-version":[{"id":1420,"href":"https:\/\/www.eccsc.pl\/en\/wp-json\/wp\/v2\/pages\/541\/revisions\/1420"}],"wp:attachment":[{"href":"https:\/\/www.eccsc.pl\/en\/wp-json\/wp\/v2\/media?parent=541"}],"curies":[{"name":"wp","href":"https:\/\/api.w.org\/{rel}","templated":true}]}}