{"id":542,"date":"2019-08-10T10:30:10","date_gmt":"2019-08-10T08:30:10","guid":{"rendered":"http:\/\/www5.eccsc.pl\/?page_id=542"},"modified":"2022-03-11T10:10:08","modified_gmt":"2022-03-11T09:10:08","slug":"cennik-uslug-certyfikacyjnych","status":"publish","type":"page","link":"https:\/\/www.eccsc.pl\/en\/cennik-uslug-certyfikacyjnych\/","title":{"rendered":""},"content":{"rendered":"<h2 class=\"wp-block-heading\">Certyfikat ISO <\/h2>\n\n\n<p>Cena uzyskania certyfikatu ISO jest jednym z pierwszych temat\u00f3w, kt\u00f3re pojawiaj\u0105 si\u0119 przy podejmowaniu decyzji o przyst\u0105pieniu do projektu, a to cz\u0119sto jest g\u0142\u00f3wn\u0105 wad\u0105, poniewa\u017c bardzo trudno jest precyzyjnie oszacowa\u0107 na pocz\u0105tku projektu. Cena wdro\u017cenia certyfikatu ISO zale\u017cy od wielu r\u00f3\u017cnych czynnik\u00f3w, a im lepiej zapoznaj si\u0119 z norm\u0105, tym \u0142atwiej b\u0119dzie Ci okre\u015bli\u0107 zakres cen i precyzyjnie oszacowa\u0107.<\/p>\n\n\n<h2 class=\"wp-block-heading\">Co wp\u0142ywa na cen\u0119 certyfikacji po wdro\u017ceniu przez Klienta systemu zarz\u0105dzania wg normy ISO 9001,ISO 14001,ISO 45001, ISO 27001  <\/h2>\n\n\n<p>Co wp\u0142ywa na cen\u0119 certyfikacji po wdro\u017ceniu przez Klienta systemu zarz\u0105dzania wg normy ISO 9001,ISO 14001,ISO 45001, ISO 27001 <br \/>Koszt certyfikacji systemu zarz\u0105dzania i uzyskania certyfikatu ISO b\u0119dzie zale\u017ce\u0107 od wielu czynnik\u00f3w. Nale\u017c\u0105 do nich, m.in :<\/p>\n<ul>\n<li>struktura zatrudnienia &#8211; ilo\u015b\u0107 os\u00f3b zatrudnionych w przeliczeniu na etaty<\/li>\n<li>liczba lokalizacji, w kt\u00f3rych \u015bwiadczone s\u0105 us\u0142ugi b\u0105d\u017a realizowana jest produkcja.<\/li>\n<\/ul>\n<p>Cena zale\u017cy od wielko\u015bci organizacji i z\u0142o\u017cono\u015bci realizowanych proces\u00f3w.<\/p>\n<p>W wi\u0119kszo\u015bci przypadk\u00f3w mniejsza organizacja b\u0119dzie mia\u0142a mniej z\u0142o\u017cone procesy i technologie w miejscu, wi\u0119c zwi\u0105zane z tym koszty wdro\u017cenia certyfikatu ISO b\u0119d\u0105 ni\u017csze.<\/p>\n<p>Koszt certyfikacji systemu zarz\u0105dzania i uzyskania certyfikatu ISO b\u0119dzie zale\u017ce\u0107 od wielu czynnik\u00f3w. Nale\u017c\u0105 do nich, m.in :<\/p>\n<p>&#8211; struktura zatrudnienia &#8211; ilo\u015b\u0107 os\u00f3b zatrudnionych w przeliczeniu na etaty<\/p>\n<p>&#8211; liczba lokalizacji, w kt\u00f3rych \u015bwiadczone s\u0105 us\u0142ugi b\u0105d\u017a realizowana jest produkcja.<\/p>\n<p>Cena zale\u017cy od wielko\u015bci organizacji i z\u0142o\u017cono\u015bci realizowanych proces\u00f3w.<\/p>\n<p>\u00a0<\/p>\n<p>\u00a0<\/p>","protected":false},"excerpt":{"rendered":"<p>Certyfikat ISO Cena uzyskania certyfikatu ISO jest jednym z pierwszych temat\u00f3w, kt\u00f3re pojawiaj\u0105 si\u0119 przy podejmowaniu decyzji o przyst\u0105pieniu do projektu, a to cz\u0119sto jest g\u0142\u00f3wn\u0105 wad\u0105, poniewa\u017c bardzo trudno jest precyzyjnie oszacowa\u0107 na pocz\u0105tku projektu. Cena wdro\u017cenia certyfikatu ISO zale\u017cy od wielu r\u00f3\u017cnych czynnik\u00f3w, a im lepiej zapoznaj si\u0119 z norm\u0105, tym \u0142atwiej b\u0119dzie [&hellip;]<\/p>","protected":false},"author":1,"featured_media":0,"parent":0,"menu_order":0,"comment_status":"closed","ping_status":"closed","template":"","meta":{"footnotes":""},"class_list":["post-542","page","type-page","status-publish","hentry"],"aioseo_notices":[],"_links":{"self":[{"href":"https:\/\/www.eccsc.pl\/en\/wp-json\/wp\/v2\/pages\/542","targetHints":{"allow":["GET"]}}],"collection":[{"href":"https:\/\/www.eccsc.pl\/en\/wp-json\/wp\/v2\/pages"}],"about":[{"href":"https:\/\/www.eccsc.pl\/en\/wp-json\/wp\/v2\/types\/page"}],"author":[{"embeddable":true,"href":"https:\/\/www.eccsc.pl\/en\/wp-json\/wp\/v2\/users\/1"}],"replies":[{"embeddable":true,"href":"https:\/\/www.eccsc.pl\/en\/wp-json\/wp\/v2\/comments?post=542"}],"version-history":[{"count":9,"href":"https:\/\/www.eccsc.pl\/en\/wp-json\/wp\/v2\/pages\/542\/revisions"}],"predecessor-version":[{"id":1396,"href":"https:\/\/www.eccsc.pl\/en\/wp-json\/wp\/v2\/pages\/542\/revisions\/1396"}],"wp:attachment":[{"href":"https:\/\/www.eccsc.pl\/en\/wp-json\/wp\/v2\/media?parent=542"}],"curies":[{"name":"wp","href":"https:\/\/api.w.org\/{rel}","templated":true}]}}