{"id":543,"date":"2019-08-10T10:30:10","date_gmt":"2019-08-10T08:30:10","guid":{"rendered":"http:\/\/www5.eccsc.pl\/?page_id=543"},"modified":"2024-02-15T17:38:57","modified_gmt":"2024-02-15T16:38:57","slug":"procedura-postepowania-ze-skargami-reklamacjami-i-odwolaniami","status":"publish","type":"page","link":"https:\/\/www.eccsc.pl\/en\/procedura-postepowania-ze-skargami-reklamacjami-i-odwolaniami\/","title":{"rendered":"Procedura: skargi, odwo\u0142ania, reklamacje"},"content":{"rendered":"<p><strong>Purpose of the procedure<\/strong><\/p>\n\n\n\n<p>The purpose of the procedure is to standardize the procedure to be followed in the event of submission to Pomorskie Centrum Certification Sp. z o.o. complaints, appeals or complaints.<\/p>\n\n\n\n<p><\/p>\n\n\n<p><strong>POBIERZ<\/strong>:<\/p>\n<ul>\n<li><a href=\"https:\/\/www.eccsc.pl\/wp-content\/uploads\/2024\/02\/P.3-SKARGIODWOLANIAREKLAMACJE.docx\">P.3 Skargi, odwo\u0142ania, reklamacje.docx<\/a><\/li>\n<\/ul>\n<p><strong>DOWNLOAD<\/strong>:<\/p>\n<ul>\n<li><a href=\"https:\/\/www.eccsc.pl\/wp-content\/uploads\/2024\/02\/COMPLAINTS-APPEALS.doc\">P.3 Complaints, appeals.docx<\/a><\/li>\n<\/ul>\n\n\n<p><\/p>","protected":false},"excerpt":{"rendered":"<p>Cel procedury Celem procedury jest ujednolicenie sposobu post\u0119powania w przypadku z\u0142o\u017cenia do Pomorskiego Centrum Certyfikacji Sp. z o.o. skargi, odwo\u0142ania lub reklamacji. POBIERZ: P.3 Skargi, odwo\u0142ania, reklamacje.docx DOWNLOAD: P.3 Complaints, appeals.docx<\/p>","protected":false},"author":1,"featured_media":0,"parent":0,"menu_order":0,"comment_status":"closed","ping_status":"closed","template":"","meta":{"footnotes":""},"class_list":["post-543","page","type-page","status-publish","hentry"],"aioseo_notices":[],"_links":{"self":[{"href":"https:\/\/www.eccsc.pl\/en\/wp-json\/wp\/v2\/pages\/543","targetHints":{"allow":["GET"]}}],"collection":[{"href":"https:\/\/www.eccsc.pl\/en\/wp-json\/wp\/v2\/pages"}],"about":[{"href":"https:\/\/www.eccsc.pl\/en\/wp-json\/wp\/v2\/types\/page"}],"author":[{"embeddable":true,"href":"https:\/\/www.eccsc.pl\/en\/wp-json\/wp\/v2\/users\/1"}],"replies":[{"embeddable":true,"href":"https:\/\/www.eccsc.pl\/en\/wp-json\/wp\/v2\/comments?post=543"}],"version-history":[{"count":10,"href":"https:\/\/www.eccsc.pl\/en\/wp-json\/wp\/v2\/pages\/543\/revisions"}],"predecessor-version":[{"id":1269,"href":"https:\/\/www.eccsc.pl\/en\/wp-json\/wp\/v2\/pages\/543\/revisions\/1269"}],"wp:attachment":[{"href":"https:\/\/www.eccsc.pl\/en\/wp-json\/wp\/v2\/media?parent=543"}],"curies":[{"name":"wp","href":"https:\/\/api.w.org\/{rel}","templated":true}]}}