{"id":545,"date":"2019-08-10T10:30:10","date_gmt":"2019-08-10T08:30:10","guid":{"rendered":"http:\/\/www5.eccsc.pl\/?page_id=545"},"modified":"2022-03-11T10:35:30","modified_gmt":"2022-03-11T09:35:30","slug":"znak-certyfikacji","status":"publish","type":"page","link":"https:\/\/www.eccsc.pl\/en\/znak-certyfikacji\/","title":{"rendered":"Certification Mark"},"content":{"rendered":"<h2 class=\"wp-block-heading\">Jak w\u0142a\u015bciwie stosowa\u0107 znak certyfikacji ISO<\/h2>\n\n\n\n<figure class=\"wp-block-gallery has-nested-images columns-default is-cropped wp-block-gallery-1 is-layout-flex wp-block-gallery-is-layout-flex\"><\/figure>\n\n\n\n<p>\n<strong>PRAWO DO POS\u0141UGIWANIA SI\u0118 ZNAKIEM ORAZ ZASADY POWO\u0141YWANIA SI\u0118 \n                       NA CERTYFIKACJ\u0118<\/strong><\/p>\n\n\n\n<p>\n1.\tPo spe\u0142nieniu warunk\u00f3w okre\u015blonych w umowie na \u015bwiadczenie\nus\u0142ug certyfikacyjnych, Klient                        w okresie\nwa\u017cno\u015bci certyfikatu, uzyskuje prawo do pos\u0142ugiwania si\u0119 Znakiem\ncertyfikacji  \u2013 wraz  z informacj\u0105 o certyfikowanym systemie\nzarz\u0105dzania, jak r\u00f3wnie\u017c uzyskuje prawo do pos\u0142ugiwania si\u0119 tym\nznakiem                         w dokumentach promocyjnych,\nreklamowych, papierze firmowym, mediach komunikacyjnyc z\njednoznacznym wskazaniem, \u017ce Znak dotyczy systemu zarz\u0105dzania\nobj\u0119tego zakresem certyfikatu. \n<\/p>\n\n\n\n<p>\n2.\tPCC Sp.  zo.o zezwala organizacji na u\u017cywanie znak\u00f3w\ncertyfikacji na dokumentach zwi\u0105zanych                     z\ncertyfikowanym systemem zarzadzania pod warunkiem:<\/p>\n\n\n\n<p>\n\u2212 znak certyfikacji mo\u017ce by\u0107 stosowany tylko na dokumentach i\nmateria\u0142ach reklamowych przez kt\u00f3re rozumiane s\u0105 m.in: dokumenty\nhandlowe (np. oferty, druki, pisma firmowe), dokumenty i materia\u0142y\npromocyjne lub informacyjne (np. broszury, publikacje) oraz na\nstronach internetowych wy\u0142\u0105cznie                                   \nw celu wykazania, \u017ce system zarz\u0105dzania jest zgodny z podanym\ndokumentem (np. norm\u0105),                                             \n  w odniesieniu do obszaru dzia\u0142ania, kt\u00f3ry okre\u015bla zakres\ncertyfikacji . \n<\/p>\n\n\n\n<p>\n\u2212 Klient zobowi\u0105zany jest wyr\u00f3\u017cni\u0107 zakres dzia\u0142alno\u015bci,\nkt\u00f3rego dotyczy certyfikat, je\u017celi zastosowano znak w kontek\u015bcie,\nw kt\u00f3rym to nasuwa w\u0105tpliwo\u015bci, \n<\/p>\n\n\n\n<p>\n\u2212 znak nie mo\u017ce by\u0107 stosowany w spos\u00f3b, kt\u00f3ry m\u00f3g\u0142by\n\u015bwiadczy\u0107, \u017ce odnosi si\u0119 do jako\u015bci wyrobu                      \n   (nie mo\u017ce by\u0107 umieszczony na wyrobie), \n<\/p>\n\n\n\n<p>\n\u2212 je\u017celi PCC Sp.  zo.o. uzna\u0142o, \u017ce organizacja niew\u0142a\u015bciwie\nwykorzystuje znak certyfikacji, powiadamia organizacj\u0119 o\nkonieczno\u015bci stosowania znaku zgodnie z zasadami podanymi w\ndokumencie, \n<\/p>\n\n\n\n<p>\n\u2212 organizacja nie mo\u017ce zmienia\u0107 formy znaku certyfikacji,<\/p>\n\n\n\n<p>\n \u2212 organizacja nie mo\u017ce usuwa\u0107 \u201eramki\u201d, jak te\u017c zmienia\u0107\nt\u0142a na inne, gdy\u017c stanowi\u0105 one integralne elementy znaku\ncertyfikacji (znak certyfikacji nale\u017cy umieszcza\u0107 w taki spos\u00f3b,\nby ramka by\u0142a widoczna),<\/p>\n\n\n\n<p>\n \u2212 zastosowanie znaku jest dopuszczalne w kolorach oryginalnych lub\nw kolorze czarnym. \n<\/p>\n\n\n\n<p>\n3.\tZnak\u00f3w certyfikacji nie wolno stosowa\u0107 w raportach,\nsprawozdaniach z bada\u0144, wzorcowa\u0144                          lub\nkontroli, \u015bwiadectwach odbioru oraz w certyfikatach\/za\u015bwiadczeniach\nze szkole\u0144. W sprawozdaniach, raportach z bada\u0144 nie wolno r\u00f3wnie\u017c\nstosowa\u0107 jakichkolwiek informacji nt. posiadanego certyfikowanego\nsystemu zarz\u0105dzania. Sprawozda\u0144 z bada\u0144, wzorcowa\u0144 lub kontroli\nnie mo\u017cna drukowa\u0107 na listownikach\/ drukach z umieszczonym znakiem\ncertyfikacji. Nie mo\u017cna stosowa\u0107 nawet wewn\u0119trznie listownika     \n                       ze znakami certyfikacji w powi\u0105zaniu z\ninformacjami dot. bada\u0144. Znak\u00f3w certyfikacji z logo PCA nie nale\u017cy\numieszcza\u0107 w og\u0142oszeniach, zawiadomieniach, pisemnych komunikatach\nnaklejanych lub inaczej prezentowanych na wyrobach. Ograniczenie to\ndotyczy r\u00f3wnie\u017c w\u0142a\u015bciwych opakowa\u0144 i materia\u0142\u00f3w promocyjnych\ndla tych wyrob\u00f3w. \n<\/p>\n\n\n\n<p>\n4.\t Znaki certyfikacji nie mog\u0105 by\u0107 stosowane w dokumentach\nopisuj\u0105cych funkcjonowanie certyfikowanej organizacji (np. polityka\njako\u015bci, ksi\u0119ga jako\u015bci, procedury). \n<\/p>\n\n\n\n<p>\n5.\tZnak\u00f3w certyfikacji nie mo\u017cna r\u00f3wnie\u017c stosowa\u0107 na wizyt\u00f3wkach\npracownik\u00f3w organizacji certyfikowanych lub na jej piecz\u0105tkach oraz\nna tabliczkach  na drzwiach.<\/p>\n\n\n\n<p>\n6.\tKlient zobowi\u0105zuje si\u0119 do powo\u0142ywania si\u0119 na certyfikacj\u0119\noraz pos\u0142ugiwania si\u0119 certyfikatem                       i Znakiem\nw spos\u00f3b, kt\u00f3ry nie b\u0119dzie sugerowa\u0142, \u017ce nadana przez Pomorskie\nCentrum Certyfikacji Sp. z o.o.  certyfikacja odnosi si\u0119 do\ndzia\u0142alno\u015bci i miejsc, kt\u00f3re s\u0105 poza zakresem certyfikacji, np. w\nprzypadku organizacji wielooddzia\u0142owej, z kt\u00f3rych chocia\u017cby jeden\noddzia\u0142 nie jest certyfikowany, w\u00f3wczas znak certyfikacji mog\u0105\nstosowa\u0107 tylko te oddzia\u0142y\/ filie, kt\u00f3re s\u0105 obj\u0119te certyfikacj\u0105.\n<\/p>\n\n\n\n<p>\n7.\t Dopuszcza si\u0119 stosowanie znaku certyfikacji przez producenta\nposiadaj\u0105cego certyfikowany przez PCC Sp.  zo.o. system zarz\u0105dzania,\nw postaci o\u015bwiadcze\u0144 na opakowaniach wi\u0119kszych, zbiorczych wyrobu\n(tzn. niedost\u0119pnych dla konsumenta jednostkowego, takich, kt\u00f3rych\nten konsument nie ogl\u0105da)                                      lub w\ninformacji towarzysz\u0105cej, \u017ce certyfikowany klient posiada\ncertyfikowany system zarz\u0105dzania.                         Nie\ndopuszczalne jest stosowanie takich o\u015bwiadcze\u0144 na opakowaniach\njednostkowych, tak by nie sugerowa\u0107 certyfikacji wyrobu. Za\nopakowanie wyrobu uwa\u017ca si\u0119 to, kt\u00f3re mo\u017ce by\u0107 usuni\u0119te bez\nrozpadni\u0119cia si\u0119                     lub uszkodzenia wyrobu. Za\ninformacj\u0119 towarzysz\u0105c\u0105 uwa\u017ca si\u0119 informacj\u0119 dost\u0119pn\u0105\noddzielnie lub \u0142atw\u0105                 do od\u0142\u0105czenia. Etykiety\nidentyfikuj\u0105ce typ wyrobu  lub tabliczki identyfikacyjne brane s\u0105\npod uwag\u0119 jako cz\u0119\u015b\u0107 wyrobu. O\u015bwiadczenie to nie powinno w \u017caden\nspos\u00f3b sugerowa\u0107, poprzez te \u015brodki, \u017ce wyr\u00f3b, proces lub us\u0142uga\ns\u0105 certyfikowane. \n<\/p>\n\n\n\n<p>\nO\u015bwiadczenie to powinno zawiera\u0107 odniesienie do: \n<\/p>\n\n\n\n<p>\n&#8211; identyfikacji (np. marka lub nazwa) certyfikowanego klienta, \n<\/p>\n\n\n\n<p>\n&#8211; rodzaju systemu zarz\u0105dzania (np. jako\u015bci\u0105, \u015brodowiskowy) i\nmaj\u0105cej zastosowanie normy,<\/p>\n\n\n\n<p>\n &#8211; jednostki certyfikuj\u0105cej wydaj\u0105cej certyfikat.<\/p>\n\n\n\n<p>\n8.\tCertyfikowana organizacja zobowi\u0105zana jest do zaprzestania\nstosowania znaku w spos\u00f3b, kt\u00f3ry PCC Sp.  zo.o. uzna za\nniedopuszczalny. \n<\/p>\n\n\n\n<p>\n9.\t Organizacja, kt\u00f3rej certyfikat zawieszono nie mo\u017ce stosowa\u0107\nznaku w okresie zawieszenia.<\/p>\n\n\n\n<p>\n10.\t Niedopuszczalne jest u\u017cywanie znaku do nieaktualnego zakresu\ncertyfikacji. \n<\/p>\n\n\n\n<p>\n11.\tJe\u017celi certyfikat zosta\u0142 cofni\u0119ty lub utraci\u0142 swoj\u0105 wa\u017cno\u015b\u0107\norganizacja jest zobowi\u0105zana                                 do\nnatychmiastowego zaprzestania stosowania znaku.<\/p>\n\n\n\n<p>\n12.\t Organizacja nie mo\u017ce przenosi\u0107 prawa pos\u0142ugiwania si\u0119\nznakiem na inn\u0105 organizacj\u0119. \n<\/p>\n\n\n\n<p>\n13.\t W przypadku natrafienia w reklamach, katalogach itp. na\nwprowadzaj\u0105ce w b\u0142\u0105d wykorzystywanie znaku (np. w odniesieniu do\nobszaru dzia\u0142ania, kt\u00f3ry nie obejmuje zakresu certyfikacji systemu\nzarz\u0105dzania), PCC Sp.  zo.o. podejmie odpowiednie dzia\u0142ania a\u017c do\ncofni\u0119cia certyfikatu w\u0142\u0105cznie.<\/p>\n\n\n\n<p>\n14.\tPCC Sp. zo.o. zastrzega sobie prawo do kontrolowania\nprawid\u0142owo\u015bci stosowania znaku certyfikacji w ka\u017cdych\nokoliczno\u015bciach. Poprawno\u015b\u0107 stosowania znaku sprawdzana jest\nr\u00f3wnie\u017c podczas ka\u017cdego auditu. \n<\/p>\n\n\n\n<p>\n15.\tKlient zobowi\u0105zuje si\u0119, \u017ce nie b\u0119dzie sk\u0142ada\u0142 lub\ndopuszcza\u0142 do sk\u0142adania jakichkolwiek wprowadzaj\u0105cych w b\u0142\u0105d\no\u015bwiadcze\u0144 odnosz\u0105cych si\u0119 do certyfikacji udzielonej przez\nPomorskie Centrum Certyfikacji Sp. z o.o.<\/p>\n\n\n\n<p>\n16.\tKlient nie b\u0119dzie stosowa\u0142 lub dopuszcza\u0142 do stosowania\ndokumentu certyfikacyjnego                                 lub\njakiejkolwiek jego cz\u0119\u015bci w spos\u00f3b wprowadzaj\u0105cy w b\u0142\u0105d\nklienta. \n<\/p>\n\n\n\n<p>\n17.\tKlient ponosi pe\u0142n\u0105 odpowiedzialno\u015b\u0107 cywilnoprawn\u0105 za\nwszystkie dzia\u0142ania w\u0142asne lub podj\u0119te                 z w\u0142asnej\ninicjatywy bez uzgodnienia z Pomorskim Centrum Certyfikacji Sp. z\no.o.  zwi\u0105zane                                             z\nwykorzystaniem certyfikatu i Znaku w spos\u00f3b inny ni\u017c dopuszczony\nniniejsz\u0105 umow\u0105. \n<\/p>\n\n\n\n<p>\n18.\tPomorskie Centrum Certyfikacji Sp. z o.o.  jest wy\u0142\u0105cznym\ndystrybutorem Znaku. \n<\/p>\n\n\n\n<p>\n19.\tPomorskie Centrum Certyfikacji Sp. z o.o. zezwala na stosowanie\nznaku w oryginalnym kolorze                      lub czarno-bia\u0142ej\ntonacji.<\/p>\n\n\n\n<p>\nNieakredytowane dokumenty certyfikacyjne \n<\/p>\n\n\n\n<p>\n20.\tPCC SP.  z o.o nie wydaje certyfikat\u00f3w dla dzia\u0142a\u0144 obj\u0119tych\nzakresem posiadanej akredytacji,                          bez\npowo\u0142ywania si\u0119 na ni\u0105. W uzasadnionych przypadkach na wniosek\nklienta, dopuszcza si\u0119 odst\u0105pienie                 od konieczno\u015bci\npowo\u0142ania si\u0119 na akredytacj\u0119 na dokumencie certyfikacyjnym za\nzgod\u0105 PCA.<\/p>\n\n\n\n<p>\n21.\tW przypadku gdy PCC Sp.  zo.o. wyda\u0142a dokumenty certyfikacyjne\nprzed uzyskaniem akredytacji       (bez powo\u0142ania si\u0119 na\nakredytacj\u0119), po uzyskaniu akredytacji dokonuje ponownego ich\nwydania                                          z powo\u0142aniem si\u0119\nna uzyskan\u0105 akredytacj\u0119, w ci\u0105gu roku od dnia decyzji o udzieleniu\nakredytacji, w tym zakresie.<\/p>\n\n\n\n<p>\n\t\t\t\t\t\t\t\t\tAnna Jasiak-Kujawska<\/p>\n\n\n\n<p>                                        <\/p>","protected":false},"excerpt":{"rendered":"<p>Jak w\u0142a\u015bciwie stosowa\u0107 znak certyfikacji ISO PRAWO DO POS\u0141UGIWANIA SI\u0118 ZNAKIEM ORAZ ZASADY POWO\u0141YWANIA SI\u0118 NA CERTYFIKACJ\u0118 1. Po spe\u0142nieniu warunk\u00f3w okre\u015blonych w umowie na \u015bwiadczenie us\u0142ug certyfikacyjnych, Klient w okresie wa\u017cno\u015bci certyfikatu, uzyskuje prawo do pos\u0142ugiwania si\u0119 Znakiem certyfikacji \u2013 wraz z informacj\u0105 o certyfikowanym systemie zarz\u0105dzania, jak r\u00f3wnie\u017c uzyskuje prawo do pos\u0142ugiwania si\u0119 [&hellip;]<\/p>","protected":false},"author":1,"featured_media":0,"parent":0,"menu_order":0,"comment_status":"closed","ping_status":"closed","template":"","meta":{"footnotes":""},"class_list":["post-545","page","type-page","status-publish","hentry"],"aioseo_notices":[],"_links":{"self":[{"href":"https:\/\/www.eccsc.pl\/en\/wp-json\/wp\/v2\/pages\/545","targetHints":{"allow":["GET"]}}],"collection":[{"href":"https:\/\/www.eccsc.pl\/en\/wp-json\/wp\/v2\/pages"}],"about":[{"href":"https:\/\/www.eccsc.pl\/en\/wp-json\/wp\/v2\/types\/page"}],"author":[{"embeddable":true,"href":"https:\/\/www.eccsc.pl\/en\/wp-json\/wp\/v2\/users\/1"}],"replies":[{"embeddable":true,"href":"https:\/\/www.eccsc.pl\/en\/wp-json\/wp\/v2\/comments?post=545"}],"version-history":[{"count":11,"href":"https:\/\/www.eccsc.pl\/en\/wp-json\/wp\/v2\/pages\/545\/revisions"}],"predecessor-version":[{"id":1171,"href":"https:\/\/www.eccsc.pl\/en\/wp-json\/wp\/v2\/pages\/545\/revisions\/1171"}],"wp:attachment":[{"href":"https:\/\/www.eccsc.pl\/en\/wp-json\/wp\/v2\/media?parent=545"}],"curies":[{"name":"wp","href":"https:\/\/api.w.org\/{rel}","templated":true}]}}