{"id":546,"date":"2019-08-10T10:30:10","date_gmt":"2019-08-10T08:30:10","guid":{"rendered":"http:\/\/www5.eccsc.pl\/?page_id=546"},"modified":"2022-03-14T09:27:02","modified_gmt":"2022-03-14T08:27:02","slug":"certyfikat-iso-9001-w-sluzbie-zdrowia","status":"publish","type":"page","link":"https:\/\/www.eccsc.pl\/en\/certyfikat-iso-9001-w-sluzbie-zdrowia\/","title":{"rendered":"Certyfikat ISO 9001i ISO 27001  w ochronie zdrowia"},"content":{"rendered":"<p>Pomorskie Centrum Certyfikacji Sp. z o.o. to akredytowana jednostka certyfikuj\u0105ca systemy zarz\u0105dzania zgodnie w zakresem akredytacji nr AC 177 upublicznionym na stronie internetowej PCA. Jednym z zakres\u00f3w naszej akredytacji jest kod IAF 38 Zdrowie. Uprawnia nas to  do przeprowadzania proces\u00f3w certyfikacji w obszarze jakim jest opieka zdrowotna.  <\/p>\n\n\n\n<p>Wydawane przez nas <strong>Certyfikaty ISO <\/strong>spe\u0142niaj\u0105 wymagania stawiane przez NFZ.  <\/p>\n\n\n\n<p>S\u0142u\u017cba zdrowia jest obszarem bardzo wymagaj\u0105cym, dlatego wyznaczony do auditu personel to osoby doskonale znaj\u0105ce specyfik\u0119 funkcjonowania jednostek ochrony zdrowia, czynne zawodowo piel\u0119gniarki i\/lub lekarze z wieloletnim do\u015bwiadczeniem, diagno\u015bci, pe\u0142nomocnicy ds system\u00f3w zarzadzania w szpitalach czy przychodniach, wieloletni auditorzy, kt\u00f3rych kompetencje potwierdzane s\u0105 przez niezale\u017cn\u0105 instytucj\u0119 jak\u0105 jest Polskie Centrum Akredytacji w Warszawie. <\/p>\n\n\n\n<p><\/p>\n\n\n\n<p><strong>W\u015br\u00f3d naszych certyfikowanych Klient\u00f3w z bran\u017cy medycznej znajduj\u0105 si\u0119 m.in:<\/strong><\/p>\n\n\n\n<ul class=\"wp-block-list\"><li>voivodship hospitals<\/li><li>poviat hospitals<\/li><li>clinics, medical centers, healthcare centers<\/li><li>palliative and hospice medicine centers and long-term home care facilities<\/li><li>24\/5000\ndental offices<\/li><\/ul>\n\n\n<p>System zarz\u0105dzania jako\u015bci\u0105 ISO 9001 i zarz\u0105dzania bezpiecze\u0144stwem informacji&nbsp; ISO 27001 to w ostatnich czasach&nbsp; najpopularniejsze systemy zarz\u0105dzania wdra\u017cane przez podmioty medyczne i poddawane certyfikacji przez uprawnione jednostki certyfikuj\u0105ce&nbsp; w plac\u00f3wkach medycznych.<\/p>\n<p>Korzy\u015bci z wdro\u017cenia systemu ISO w s\u0142u\u017cbie zdrowia:<\/p>\n<ul>\n<li>Przyznawanie przez NFZ, w ramach procesu kontraktowania, dodatkowych punkt\u00f3w plac\u00f3wkom medycznym posiadaj\u0105cym certyfikat ISO 9001, ISO 27001<\/li>\n<li><span style=\"font-size: inherit;\">Ukierunkowanie plac\u00f3wki medycznej na Klienta \u2013 Pacjenta &#8211; w celu uzyskania jego satysfakcji z oferowanych mu us\u0142ug i sposobu ich realizacji.<\/span><\/li>\n<\/ul>\n<p>Wdro\u017cenie i poddanie certyfikacji&nbsp; Systemu Zarz\u0105dzania Jako\u015bci\u0105 ISO zgodnego z wymaganiami mi\u0119dzynarodowej normy ISO 9001 i ISO 27001 polega przede wszystkim na okre\u015bleniu i p\u00f3\u017aniejszym stosowaniu rozwi\u0105za\u0144 proceduralnych maj\u0105cych zapewni\u0107 odpowiedni i sta\u0142y poziom jako\u015bci realizowanych us\u0142ug medycznych. Jednostka, kt\u00f3ra wdro\u017cy\u0142a i podda\u0142a si\u0119 procesowi certyfikacji w niezale\u017cnej , akredytowanej jednostce certyfikuj\u0105cej, jednoznacznie pokazuje otoczeniu, \u017ce zwraca uwag\u0119 na szeroko rozumian\u0105 jako\u015b\u0107 us\u0142ug na ka\u017cdym z poziom\u00f3w zarz\u0105dzania &#8211; pocz\u0105wszy od szczebla strategicznego, sko\u0144czywszy na operacyjnym. Dodatkowo posiadanie certyfikatu ISO 9001 i ISO 27001 obliguje jego w\u0142a\u015bciciela do ci\u0105g\u0142ego doskonalenia swojej organizacji oraz \u015bwiadczonych us\u0142ug.<\/p>","protected":false},"excerpt":{"rendered":"<p>Pomorskie Centrum Certyfikacji Sp. z o.o. to akredytowana jednostka certyfikuj\u0105ca systemy zarz\u0105dzania zgodnie w zakresem akredytacji nr AC 177 upublicznionym na stronie internetowej PCA. Jednym z zakres\u00f3w naszej akredytacji jest kod IAF 38 Zdrowie. Uprawnia nas to do przeprowadzania proces\u00f3w certyfikacji w obszarze jakim jest opieka zdrowotna. Wydawane przez nas Certyfikaty ISO spe\u0142niaj\u0105 wymagania stawiane [&hellip;]<\/p>","protected":false},"author":1,"featured_media":0,"parent":0,"menu_order":0,"comment_status":"closed","ping_status":"closed","template":"","meta":{"footnotes":""},"class_list":["post-546","page","type-page","status-publish","hentry"],"aioseo_notices":[],"_links":{"self":[{"href":"https:\/\/www.eccsc.pl\/en\/wp-json\/wp\/v2\/pages\/546","targetHints":{"allow":["GET"]}}],"collection":[{"href":"https:\/\/www.eccsc.pl\/en\/wp-json\/wp\/v2\/pages"}],"about":[{"href":"https:\/\/www.eccsc.pl\/en\/wp-json\/wp\/v2\/types\/page"}],"author":[{"embeddable":true,"href":"https:\/\/www.eccsc.pl\/en\/wp-json\/wp\/v2\/users\/1"}],"replies":[{"embeddable":true,"href":"https:\/\/www.eccsc.pl\/en\/wp-json\/wp\/v2\/comments?post=546"}],"version-history":[{"count":10,"href":"https:\/\/www.eccsc.pl\/en\/wp-json\/wp\/v2\/pages\/546\/revisions"}],"predecessor-version":[{"id":1186,"href":"https:\/\/www.eccsc.pl\/en\/wp-json\/wp\/v2\/pages\/546\/revisions\/1186"}],"wp:attachment":[{"href":"https:\/\/www.eccsc.pl\/en\/wp-json\/wp\/v2\/media?parent=546"}],"curies":[{"name":"wp","href":"https:\/\/api.w.org\/{rel}","templated":true}]}}