{"id":547,"date":"2019-08-10T10:30:10","date_gmt":"2019-08-10T08:30:10","guid":{"rendered":"http:\/\/www5.eccsc.pl\/?page_id=547"},"modified":"2022-03-11T09:33:09","modified_gmt":"2022-03-11T08:33:09","slug":"iso-29990-system-zarzadzania-uslugami-edukacyjnymi","status":"publish","type":"page","link":"https:\/\/www.eccsc.pl\/en\/iso-29990-system-zarzadzania-uslugami-edukacyjnymi\/","title":{"rendered":""},"content":{"rendered":"<p><strong>I<\/strong><\/p>\n\n\n\n<p><\/p>\n\n\n\n<p>You can find more about this here:<\/p>\n\n\n\n<ul class=\"wp-block-list\"><li><\/li><\/ul>\n\n\n\n<p><\/p>\n\n\n\n<h2 class=\"wp-block-heading\"> <\/h2>","protected":false},"excerpt":{"rendered":"<p>I Wi\u0119cej na ten temat znajd\u0105 Pa\u0144stwo tutaj:<\/p>","protected":false},"author":1,"featured_media":0,"parent":0,"menu_order":0,"comment_status":"closed","ping_status":"closed","template":"","meta":{"footnotes":""},"class_list":["post-547","page","type-page","status-publish","hentry"],"aioseo_notices":[],"_links":{"self":[{"href":"https:\/\/www.eccsc.pl\/en\/wp-json\/wp\/v2\/pages\/547","targetHints":{"allow":["GET"]}}],"collection":[{"href":"https:\/\/www.eccsc.pl\/en\/wp-json\/wp\/v2\/pages"}],"about":[{"href":"https:\/\/www.eccsc.pl\/en\/wp-json\/wp\/v2\/types\/page"}],"author":[{"embeddable":true,"href":"https:\/\/www.eccsc.pl\/en\/wp-json\/wp\/v2\/users\/1"}],"replies":[{"embeddable":true,"href":"https:\/\/www.eccsc.pl\/en\/wp-json\/wp\/v2\/comments?post=547"}],"version-history":[{"count":5,"href":"https:\/\/www.eccsc.pl\/en\/wp-json\/wp\/v2\/pages\/547\/revisions"}],"predecessor-version":[{"id":1154,"href":"https:\/\/www.eccsc.pl\/en\/wp-json\/wp\/v2\/pages\/547\/revisions\/1154"}],"wp:attachment":[{"href":"https:\/\/www.eccsc.pl\/en\/wp-json\/wp\/v2\/media?parent=547"}],"curies":[{"name":"wp","href":"https:\/\/api.w.org\/{rel}","templated":true}]}}