{"id":548,"date":"2019-08-10T10:30:10","date_gmt":"2019-08-10T08:30:10","guid":{"rendered":"http:\/\/www5.eccsc.pl\/?page_id=548"},"modified":"2026-01-21T08:56:33","modified_gmt":"2026-01-21T07:56:33","slug":"zmiana-zakresu-certyfikacji-zawieszanie-i-ograniczanie","status":"publish","type":"page","link":"https:\/\/www.eccsc.pl\/en\/zmiana-zakresu-certyfikacji-zawieszanie-i-ograniczanie\/","title":{"rendered":"Zmiana zakresu certyfikacji ISO, zawieszanie i ograniczanie"},"content":{"rendered":"<p>In the above procedure you will find detailed information about:<\/p>\r\n<ul>\r\n<li>rozszerzania zakresu certyfikacji ISO<\/li>\r\n<li>ograniczania zakresu certyfikacji ISO<\/li>\r\n<li>zawieszania certyfikacji ISO<\/li>\r\n<li>wycofywania certyfikacji ISO<\/li>\r\n<\/ul>\r\n<ul>\r\n<li><a href=\"https:\/\/www.eccsc.pl\/wp-content\/uploads\/2026\/01\/P.4-Procedura-zawieszania-cofania-i-ograniczania-oraz-rozszerzania-certyfikacji.doc\">Pobierz: P.4 Procedura zawieszania, cofania i ograniczania oraz rozszerzania certyfikacji.doc<\/a><\/li>\r\n<li><strong><a href=\"https:\/\/www.eccsc.pl\/wp-content\/uploads\/2024\/02\/P4PROCEDURE-FOR-SUSPENSION-WITHDRAWAL-AND-RESTRICTION-AND-EXTENSION-OF-THE-SCOPE-OF-CERTIFICATION.doc\">DOWNLOAD: P4 Procedure for suspension withdrawal, restriction and extension of the scope of certification <\/a><\/strong><strong style=\"color: initial;\"><a href=\"https:\/\/www.eccsc.pl\/wp-content\/uploads\/2024\/02\/P4PROCEDURE-FOR-SUSPENSION-WITHDRAWAL-AND-RESTRICTION-AND-EXTENSION-OF-THE-SCOPE-OF-CERTIFICATION.doc\">[ENGLISH]<\/a><\/strong><\/li>\r\n<\/ul>\r\n\r\n<p>&nbsp;<\/p>","protected":false},"excerpt":{"rendered":"<p>W powy\u017cszej procedurze znajd\u0105 Pa\u0144stwo szczeg\u00f3\u0142owe informacje dotycz\u0105ce: rozszerzania zakresu certyfikacji ISO ograniczania zakresu certyfikacji ISO zawieszania certyfikacji ISO wycofywania certyfikacji ISO Pobierz: P.4 Procedura zawieszania, cofania i ograniczania oraz rozszerzania certyfikacji.doc DOWNLOAD: P4 Procedure for suspension withdrawal, restriction and extension of the scope of certification [ENGLISH] &nbsp;<\/p>","protected":false},"author":1,"featured_media":0,"parent":0,"menu_order":0,"comment_status":"closed","ping_status":"closed","template":"","meta":{"footnotes":""},"class_list":["post-548","page","type-page","status-publish","hentry"],"aioseo_notices":[],"_links":{"self":[{"href":"https:\/\/www.eccsc.pl\/en\/wp-json\/wp\/v2\/pages\/548","targetHints":{"allow":["GET"]}}],"collection":[{"href":"https:\/\/www.eccsc.pl\/en\/wp-json\/wp\/v2\/pages"}],"about":[{"href":"https:\/\/www.eccsc.pl\/en\/wp-json\/wp\/v2\/types\/page"}],"author":[{"embeddable":true,"href":"https:\/\/www.eccsc.pl\/en\/wp-json\/wp\/v2\/users\/1"}],"replies":[{"embeddable":true,"href":"https:\/\/www.eccsc.pl\/en\/wp-json\/wp\/v2\/comments?post=548"}],"version-history":[{"count":13,"href":"https:\/\/www.eccsc.pl\/en\/wp-json\/wp\/v2\/pages\/548\/revisions"}],"predecessor-version":[{"id":1417,"href":"https:\/\/www.eccsc.pl\/en\/wp-json\/wp\/v2\/pages\/548\/revisions\/1417"}],"wp:attachment":[{"href":"https:\/\/www.eccsc.pl\/en\/wp-json\/wp\/v2\/media?parent=548"}],"curies":[{"name":"wp","href":"https:\/\/api.w.org\/{rel}","templated":true}]}}