{"id":645,"date":"2019-08-19T11:29:35","date_gmt":"2019-08-19T09:29:35","guid":{"rendered":"http:\/\/www.eccsc.pl\/?page_id=645"},"modified":"2019-09-16T08:36:13","modified_gmt":"2019-09-16T06:36:13","slug":"pn-en-iso-9001","status":"publish","type":"page","link":"https:\/\/www.eccsc.pl\/en\/ceryfikacja-iso\/pn-en-iso-9001\/","title":{"rendered":"Norma unijna PN EN ISO 9001"},"content":{"rendered":"<p>Certyfikat ISO 9001:2015 inaczej za\u015bwiadczenie, dow\u00f3d zapewniaj\u0105cy, \u017ce wyr\u00f3b, proces lub us\u0142uga s\u0105 zgodne z okre\u015blon\u0105 norm\u0105 lub przepisem prawnym. <br>Certyfikat ISO 9001 jest unormowany w <strong><a href=\"\/en\/ceryfikacja-iso\/normy-iso-9001-certyfikacja-iso-9001\/\">PN-EN ISO 9001:2015<\/a><\/strong> zawiera zestaw wymaga\u0144 odnosz\u0105cych si\u0119 do systemu zarz\u0105dzania jako\u015bci\u0105 przedsi\u0119biorstwa. Aby otrzyma\u0107 certyfikat ISO 9001 nale\u017cy zgodnie z powy\u017csz\u0105 definicj\u0105 spe\u0142ni\u0107 wszystkie wymagania zawarte w normie Certyfikacji ISO 9001.<\/p>\n\n\n\n<h2 class=\"wp-block-heading\">Co to jest norma unijna ISO 9001:2015?<\/h2>\n\n\n<p>Do g\u0142\u00f3wnych wymaga\u0144 normy <strong>PN EN ISO 9001:2015<\/strong> nale\u017c\u0105 m.in.: wprowadzenie nadzoru nad dokumentacj\u0105 i zapisami, zaanga\u017cowanie kierownictwa w budowanie systemu zarz\u0105dzania jako\u015bci\u0105, usystematyzowanie zarz\u0105dzania zasobami, ustanowienie proces\u00f3w realizacji wyrobu, dokonywanie systematycznych pomiar\u00f3w (zadowolenia klienta, wyrob\u00f3w, proces\u00f3w).<\/p>\n<p>Wszystkie te wymagania s\u0105 szczeg\u00f3\u0142owo opisane w normie PN EN ISO 9001 i uwzgl\u0119dniaj\u0105 osiem zasad jako\u015bci:<\/p>\n<ol>\n<li>zorientowanie na klienta (pozycja organizacji na rynku jest zale\u017cna od jej klient\u00f3w);<\/li>\n<li>przyw\u00f3dztwo (kierownictwo organizacji wypracowuje kierunki jego rozwoju);<\/li>\n<li>zaanga\u017cowanie ludzi (najcenniejszym dobrem organizacji s\u0105 ludzie);<\/li>\n<li>podej\u015bcie procesowe (skuteczno\u015b\u0107 i efektywno\u015b\u0107 organizacji zale\u017c\u0105 w g\u0142\u00f3wnej mierze od jako\u015bci realizowanych w niej proces\u00f3w. Bardzo dobre wsparcie w identyfikowaniu proces\u00f3w: model APQC, dok\u0142adnie opisany w ksi\u0105\u017cce\u00a0<i>Modelowanie organizacji procesowej<\/i>\u00a0pod redakcj\u0105 J. Auksztola i M. Chomuszko);<\/li>\n<li>systemowe podej\u015bcie do zarz\u0105dzania (zarz\u0105dzanie jako\u015bci\u0105 jest traktowane jako zarz\u0105dzanie wzajemnie ze sob\u0105 powi\u0105zanymi procesami);<\/li>\n<li>ci\u0105g\u0142e doskonalenie (sta\u0142ym celem organizacji jest ci\u0105g\u0142e doskonalenie realizowanych w niej proces\u00f3w);<\/li>\n<li>rzeczowe podej\u015bcie do podejmowania decyzji (podejmowanie decyzji opiera si\u0119 na analitycznej, logicznej b\u0105d\u017a intuicyjnej analizie wszelkich dost\u0119pnych danych i informacji);<\/li>\n<li>wzajemne korzy\u015bci w stosunkach z dostawcami (tworzenie wzajemnie korzystnych stosunk\u00f3w z dostawcami materia\u0142\u00f3w i us\u0142ug stanowi dla organizacji gwarancj\u0119 wysokiej jako\u015bci).<\/li>\n<\/ol>\n\n\n<h2 class=\"wp-block-heading\"><strong>Kto mo\u017ce wyda\u0107 Certyfikat ISO 9001:2015? <\/strong><\/h2>\n\n\n\n<p>Certyfikat ISO zgodno\u015bci systemu zarz\u0105dzania jako\u015bci\u0105 z wymaganiami normy <strong>PN-EN ISO 9001:2015<\/strong> mo\u017ce zosta\u0107 nadany przez jednostk\u0119 akredytowan\u0105 przez jednostk\u0119 do tego uprawnion\u0105. W Polce takie uprawnienia nadaje Polskie Centrum Akredytacji &#8211; PCA. <a href=\"\/en\/certyfikat-iso-90012015-wydawany-jest-na-3-lata\/\">Certyfikat ISO 9001:2015 wydawany jest na 3 lata<\/a>.<\/p>\n\n\n\n<p>Przyjrzyjmy si\u0119 zatem definicji s\u0142owa akredytacja: akredytacja inaczej upe lnomocnienie, post\u0119powanie, w kt\u00f3rym upowa\u017cniona jednostka daje formalne potwierdzenie w formie certyfiatu ISO 9001, \u017ce organizacja lub osoba s\u0105 kompetentne do wykonywania okre\u015blonych zada\u0144. PCA nada\u0142o potwierdzenie kompetencji do certyfikacji system\u00f3w zarz\u0105dzania jako\u015bci\u0105 dla Pomorskiego Centrum Certyfikacji<\/p>\n\n\n\n<h2 class=\"wp-block-heading\">Certyfikat ISO 9001:2015 wydawany jest na 3 lata <\/h2>\n\n\n<p>W zwi\u0105zku z tym, \u017ce <strong>Certyfikat ISO 9001:2015<\/strong> wydawany jest na 3 lata, po pierwszym i po drugim roku od przyznania Certyfikatu ISO 9001 firma, aby utrzyma\u0107 Certyfikat ISO 9001:2015, musi podda\u0107 si\u0119 audytowi nadzoru. Coroczne audyty nadzoru maj\u0105 na celu ci\u0105g\u0142\u0105 optymalizacj\u0119 proces\u00f3w. Po trzech latach przeprowadzany jest audyt recertyfikacji. Przyst\u0105pienie do tego audytu stanowi potwierdzenie d\u0142ugoterminowego zaanga\u017cowania organizacji w Systemy Zarz\u0105dzania Jako\u015bci\u0105 ISO 9001:2015.\u00a0<\/p>","protected":false},"excerpt":{"rendered":"<p>Certyfikat ISO 9001:2015 inaczej za\u015bwiadczenie, dow\u00f3d zapewniaj\u0105cy, \u017ce wyr\u00f3b, proces lub us\u0142uga s\u0105 zgodne z okre\u015blon\u0105 norm\u0105 lub przepisem prawnym. Certyfikat ISO 9001 jest unormowany w PN-EN ISO 9001:2015 zawiera zestaw wymaga\u0144 odnosz\u0105cych si\u0119 do systemu zarz\u0105dzania jako\u015bci\u0105 przedsi\u0119biorstwa. Aby otrzyma\u0107 certyfikat ISO 9001 nale\u017cy zgodnie z powy\u017csz\u0105 definicj\u0105 spe\u0142ni\u0107 wszystkie wymagania zawarte w normie [&hellip;]<\/p>","protected":false},"author":1,"featured_media":0,"parent":751,"menu_order":0,"comment_status":"closed","ping_status":"closed","template":"","meta":{"footnotes":""},"class_list":["post-645","page","type-page","status-publish","hentry"],"aioseo_notices":[],"_links":{"self":[{"href":"https:\/\/www.eccsc.pl\/en\/wp-json\/wp\/v2\/pages\/645","targetHints":{"allow":["GET"]}}],"collection":[{"href":"https:\/\/www.eccsc.pl\/en\/wp-json\/wp\/v2\/pages"}],"about":[{"href":"https:\/\/www.eccsc.pl\/en\/wp-json\/wp\/v2\/types\/page"}],"author":[{"embeddable":true,"href":"https:\/\/www.eccsc.pl\/en\/wp-json\/wp\/v2\/users\/1"}],"replies":[{"embeddable":true,"href":"https:\/\/www.eccsc.pl\/en\/wp-json\/wp\/v2\/comments?post=645"}],"version-history":[{"count":18,"href":"https:\/\/www.eccsc.pl\/en\/wp-json\/wp\/v2\/pages\/645\/revisions"}],"predecessor-version":[{"id":866,"href":"https:\/\/www.eccsc.pl\/en\/wp-json\/wp\/v2\/pages\/645\/revisions\/866"}],"up":[{"embeddable":true,"href":"https:\/\/www.eccsc.pl\/en\/wp-json\/wp\/v2\/pages\/751"}],"wp:attachment":[{"href":"https:\/\/www.eccsc.pl\/en\/wp-json\/wp\/v2\/media?parent=645"}],"curies":[{"name":"wp","href":"https:\/\/api.w.org\/{rel}","templated":true}]}}