{"id":655,"date":"2019-08-28T07:56:36","date_gmt":"2019-08-28T05:56:36","guid":{"rendered":"http:\/\/www.eccsc.pl\/?page_id=655"},"modified":"2022-03-11T10:05:35","modified_gmt":"2022-03-11T09:05:35","slug":"certyfikacja-iso-9001","status":"publish","type":"page","link":"https:\/\/www.eccsc.pl\/en\/ceryfikacja-iso\/certyfikacja-iso-9001\/","title":{"rendered":"Systemy zarz\u0105dzania jako\u015bci\u0105 czyli certyfikacja System\u00f3w Zarz\u0105dzania: ISO 9001:2015"},"content":{"rendered":"<h2 class=\"wp-block-heading\"><a href=\"\/en\/certyfikacja-iso-9001-pcc-certification\/\">Certyfikacja ISO 9001 dla ma\u0142ych i \u015brednich firm\u200e. <\/a><\/h2>\n\n\n\n<h4 class=\"wp-block-heading\"> Certyfikat ISO 9001 jak uzyska\u0107? Co to jest Certyfikat ISO 9001:2015? <\/h4>\n\n\n<p>Aby uzyska\u0107 Certyfikat ISO w programie ISO 9001, ISO 14001, ISO 45001, ISO 27001, nale\u017cy skutecznie wdro\u017cy\u0107 system oraz przyst\u0105pi\u0107 do procesu certyfikacji. Cena uzyskania certyfikatu ISO zale\u017cy od wielu czynnik\u00f3w m.in. wielko\u015bci firmy, ilo\u015bci pracownik\u00f3w, bran\u017cy, ilo\u015bci proces\u00f3w, skomplikowania proces\u00f3w. W celu uzyskania certyfikatu ISO organizacja powinna spe\u0142nia\u0107 wymagania odpowiedniej normy ISO . Ka\u017cdy Certyfikat ISO 9001, ISO 14001,ISO 45001, ISO 27001 jest nadawany po wydaniu pozytywnej decyzji certyfikacyjnej<\/p>\n<p>\u00a0<\/p>\n\n\n<h2 class=\"wp-block-heading\"> Co to jest System Zarz\u0105dzania Jako\u015bci\u0105? <\/h2>\n\n\n\n<p>Spe\u0142nienie oczekiwa\u0144 klient\u00f3w, a tym samym rosn\u0105ce zaanga\u017cowanie w aspekty dotycz\u0105ce jako\u015bci sta\u0142y si\u0119 jednym ze sposob\u00f3w utrzymania si\u0119 na rynku.  <strong>System zarz\u0105dzania jako\u015bci\u0105<\/strong> stanowi nierozerwaln\u0105 ca\u0142o\u015b\u0107 z systemem zarz\u0105dzania <br> w organizacji. Jest wdra\u017cany, by realizowa\u0107 zar\u00f3wno cele dotycz\u0105ce spe\u0142niania wymaga\u0144 i oczekiwa\u0144 klient\u00f3w, ale tak\u017ce by usprawni\u0107 funkcjonowanie proces\u00f3w zachodz\u0105cych w organizacji i zminimalizowa\u0107 ryzyko biznesowe. Obejmuje swoim zasi\u0119giem zar\u00f3wno klient\u00f3w jak i pracownik\u00f3w, ale tak\u017ce dostawc\u00f3w i udzia\u0142owc\u00f3w. System Zarz\u0105dzania Jako\u015bci\u0105 (SZJ) zgodny z ISO 9001 udost\u0119pnia organizacji zestaw proces\u00f3w zapewniaj\u0105cych odpowiednie, rozs\u0105dne podej\u015bcie do zarz\u0105dzania organizacj\u0105.<\/p>","protected":false},"excerpt":{"rendered":"<p>Certyfikacja ISO 9001 dla ma\u0142ych i \u015brednich firm\u200e. Certyfikat ISO 9001 jak uzyska\u0107? Co to jest Certyfikat ISO 9001:2015? Aby uzyska\u0107 Certyfikat ISO w programie ISO 9001, ISO 14001, ISO 45001, ISO 27001, nale\u017cy skutecznie wdro\u017cy\u0107 system oraz przyst\u0105pi\u0107 do procesu certyfikacji. Cena uzyskania certyfikatu ISO zale\u017cy od wielu czynnik\u00f3w m.in. wielko\u015bci firmy, ilo\u015bci pracownik\u00f3w, [&hellip;]<\/p>","protected":false},"author":1,"featured_media":0,"parent":751,"menu_order":0,"comment_status":"closed","ping_status":"closed","template":"","meta":{"footnotes":""},"class_list":["post-655","page","type-page","status-publish","hentry"],"aioseo_notices":[],"_links":{"self":[{"href":"https:\/\/www.eccsc.pl\/en\/wp-json\/wp\/v2\/pages\/655","targetHints":{"allow":["GET"]}}],"collection":[{"href":"https:\/\/www.eccsc.pl\/en\/wp-json\/wp\/v2\/pages"}],"about":[{"href":"https:\/\/www.eccsc.pl\/en\/wp-json\/wp\/v2\/types\/page"}],"author":[{"embeddable":true,"href":"https:\/\/www.eccsc.pl\/en\/wp-json\/wp\/v2\/users\/1"}],"replies":[{"embeddable":true,"href":"https:\/\/www.eccsc.pl\/en\/wp-json\/wp\/v2\/comments?post=655"}],"version-history":[{"count":20,"href":"https:\/\/www.eccsc.pl\/en\/wp-json\/wp\/v2\/pages\/655\/revisions"}],"predecessor-version":[{"id":1167,"href":"https:\/\/www.eccsc.pl\/en\/wp-json\/wp\/v2\/pages\/655\/revisions\/1167"}],"up":[{"embeddable":true,"href":"https:\/\/www.eccsc.pl\/en\/wp-json\/wp\/v2\/pages\/751"}],"wp:attachment":[{"href":"https:\/\/www.eccsc.pl\/en\/wp-json\/wp\/v2\/media?parent=655"}],"curies":[{"name":"wp","href":"https:\/\/api.w.org\/{rel}","templated":true}]}}