{"id":691,"date":"2019-08-28T09:04:33","date_gmt":"2019-08-28T07:04:33","guid":{"rendered":"http:\/\/www.eccsc.pl\/?page_id=691"},"modified":"2022-03-07T09:05:09","modified_gmt":"2022-03-07T08:05:09","slug":"pn-en-iso-90012015","status":"publish","type":"page","link":"https:\/\/www.eccsc.pl\/en\/ceryfikacja-iso\/pn-en-iso-90012015\/","title":{"rendered":"PN-EN ISO 9001:2015-10"},"content":{"rendered":"<h3 class=\"wp-block-heading\"><strong>PN-EN ISO 9001:2015<\/strong>-10<\/h3>\n\n\n\n<p>Jest to mi\u0119dzynarodowy standard okre\u015blaj\u0105cy wymagania, kt\u00f3re powinny spe\u0142nia\u0107 Systemy Zarz\u0105dzania Jako\u015bci\u0105 w organizacji. System Zarz\u0105dzania Jako\u015bci\u0105 zgodny z norm\u0105 PN-EN ISO 9001:2015 -10 ma na celu zapewnienie spe\u0142nienia wymaga\u0144 klient\u00f3w i sta\u0142\u0105 popraw\u0119 jako\u015bci  wyrob\u00f3w i\/lub \u015bwiadczonych us\u0142ug. System umo\u017cliwia prowadzenie skutecznej i efektywnej dzia\u0142alno\u015bci biznesowej pozwalaj\u0105cej zachowa\u0107 pozycj\u0119 rynkow\u0105 oraz dostosowa\u0107 si\u0119 do zmieniaj\u0105cych warunk\u00f3w na rynku. Cieszy si\u0119 ogromnym uznaniem na ca\u0142ym \u015bwiecie. <br><br><br>Norm\u0119 ISO 9001 mog\u0105 stosowa\u0107 wszystkie organizacje, niezale\u017cnie od ich wielko\u015bci i rodzaju. Ka\u017cda organizacja d\u0105\u017cy do: maksymalizacji korzy\u015bci swojej dzia\u0142alno\u015bci, poprawy wizerunku i konkurencyjno\u015bci, zwi\u0119kszenia udzia\u0142u w rynku, poprawy efektywno\u015bci zarz\u0105dzania, zmniejszenia koszt\u00f3w oraz podniesienia poziomu zadowolenia klienta. <\/p>\n\n\n\n<p>Posiadanie Certyfikatu ISO 9001:2015-10, w zale\u017cno\u015bci od bran\u017cy, daje mo\u017cliwo\u015b\u0107 uzyskania dodatkowych punkt\u00f3w w przetargach, kontraktacji z NFZ oraz ubiegania si\u0119 o r\u00f3\u017cnego rodzaju dotacje. W zwi\u0105zku z tym organizacje podejmuj\u0105 wszelkie \u015brodki, kt\u00f3re mog\u0105 zbli\u017cy\u0107 je do realizacji powy\u017cszych za\u0142o\u017ce\u0144. Wdro\u017cenie oraz posiadanie certyfikowanego systemu zgodnie z norm\u0105 PN-EN ISO 9001:2015-10 pozwala na usprawnienie funkcjonowania organizacji.&nbsp;<\/p>\n\n\n\n<p>Pomorskie Centrum Certyfikacji Sp. z o.o. jest akredytowan\u0105 jednostk\u0105 certyfikuj\u0105c\u0105 systemy zarz\u0105dzania w programie<\/p>\n\n\n\n<p>PN-EN ISO 9001:2015-10 \u201eSystemy zarz\u0105dzania jako\u015bci\u0105 \u2013 Wymagania i prowadzi procesy certyfikacji<\/p>\n\n\n\n<p>zgodnie z zakresem akredytacji dost\u0119pnym jest na stronie internetowej Polskiego Centrum Akredytacji pod numerem AC 177. Je\u015bli proces certyfikacji prowadzony jest poza zakresem akredytacji Klient otrzymuje certyfikat bez znaku PCA.<\/p>\n\n\n\n<p><\/p>","protected":false},"excerpt":{"rendered":"<p>PN-EN ISO 9001:2015-10 Jest to mi\u0119dzynarodowy standard okre\u015blaj\u0105cy wymagania, kt\u00f3re powinny spe\u0142nia\u0107 Systemy Zarz\u0105dzania Jako\u015bci\u0105 w organizacji. System Zarz\u0105dzania Jako\u015bci\u0105 zgodny z norm\u0105 PN-EN ISO 9001:2015 -10 ma na celu zapewnienie spe\u0142nienia wymaga\u0144 klient\u00f3w i sta\u0142\u0105 popraw\u0119 jako\u015bci wyrob\u00f3w i\/lub \u015bwiadczonych us\u0142ug. System umo\u017cliwia prowadzenie skutecznej i efektywnej dzia\u0142alno\u015bci biznesowej pozwalaj\u0105cej zachowa\u0107 pozycj\u0119 rynkow\u0105 oraz [&hellip;]<\/p>","protected":false},"author":1,"featured_media":0,"parent":751,"menu_order":0,"comment_status":"closed","ping_status":"closed","template":"","meta":{"footnotes":""},"class_list":["post-691","page","type-page","status-publish","hentry"],"aioseo_notices":[],"_links":{"self":[{"href":"https:\/\/www.eccsc.pl\/en\/wp-json\/wp\/v2\/pages\/691","targetHints":{"allow":["GET"]}}],"collection":[{"href":"https:\/\/www.eccsc.pl\/en\/wp-json\/wp\/v2\/pages"}],"about":[{"href":"https:\/\/www.eccsc.pl\/en\/wp-json\/wp\/v2\/types\/page"}],"author":[{"embeddable":true,"href":"https:\/\/www.eccsc.pl\/en\/wp-json\/wp\/v2\/users\/1"}],"replies":[{"embeddable":true,"href":"https:\/\/www.eccsc.pl\/en\/wp-json\/wp\/v2\/comments?post=691"}],"version-history":[{"count":5,"href":"https:\/\/www.eccsc.pl\/en\/wp-json\/wp\/v2\/pages\/691\/revisions"}],"predecessor-version":[{"id":1088,"href":"https:\/\/www.eccsc.pl\/en\/wp-json\/wp\/v2\/pages\/691\/revisions\/1088"}],"up":[{"embeddable":true,"href":"https:\/\/www.eccsc.pl\/en\/wp-json\/wp\/v2\/pages\/751"}],"wp:attachment":[{"href":"https:\/\/www.eccsc.pl\/en\/wp-json\/wp\/v2\/media?parent=691"}],"curies":[{"name":"wp","href":"https:\/\/api.w.org\/{rel}","templated":true}]}}