{"id":693,"date":"2019-08-28T09:07:09","date_gmt":"2019-08-28T07:07:09","guid":{"rendered":"http:\/\/www.eccsc.pl\/?page_id=693"},"modified":"2019-09-24T10:58:30","modified_gmt":"2019-09-24T08:58:30","slug":"certyfikat-iso-90012015-wydawany-jest-na-3-lata","status":"publish","type":"page","link":"https:\/\/www.eccsc.pl\/en\/ceryfikacja-iso\/certyfikat-iso-90012015-wydawany-jest-na-3-lata\/","title":{"rendered":"Certyfikat ISO 9001:2015 wydawany jest na 3 lata"},"content":{"rendered":"<p>W zwi\u0105zku z tym, \u017ce Certyfikat ISO 9001:2015 wydawany jest na 3 lata, po pierwszym i po drugim roku od przyznania Certyfikatu ISO 9001 firma, aby utrzyma\u0107 Certyfikat ISO 9001:2015, musi podda\u0107 si\u0119 audytowi nadzoru. Coroczne audyty nadzoru maj\u0105 na celu ci\u0105g\u0142\u0105 optymalizacj\u0119 proces\u00f3w. Po trzech latach przeprowadzany jest audyt recertyfikacji. Przyst\u0105pienie do tego audytu stanowi potwierdzenie d\u0142ugoterminowego zaanga\u017cowania organizacji w Systemy Zarz\u0105dzania Jako\u015bci\u0105 ISO 9001:2015.\u00a0 <\/p>","protected":false},"excerpt":{"rendered":"<p>W zwi\u0105zku z tym, \u017ce Certyfikat ISO 9001:2015 wydawany jest na 3 lata, po pierwszym i po drugim roku od przyznania Certyfikatu ISO 9001 firma, aby utrzyma\u0107 Certyfikat ISO 9001:2015, musi podda\u0107 si\u0119 audytowi nadzoru. Coroczne audyty nadzoru maj\u0105 na celu ci\u0105g\u0142\u0105 optymalizacj\u0119 proces\u00f3w. Po trzech latach przeprowadzany jest audyt recertyfikacji. Przyst\u0105pienie do tego audytu [&hellip;]<\/p>","protected":false},"author":1,"featured_media":0,"parent":751,"menu_order":0,"comment_status":"closed","ping_status":"closed","template":"","meta":{"footnotes":""},"class_list":["post-693","page","type-page","status-publish","hentry"],"aioseo_notices":[],"_links":{"self":[{"href":"https:\/\/www.eccsc.pl\/en\/wp-json\/wp\/v2\/pages\/693","targetHints":{"allow":["GET"]}}],"collection":[{"href":"https:\/\/www.eccsc.pl\/en\/wp-json\/wp\/v2\/pages"}],"about":[{"href":"https:\/\/www.eccsc.pl\/en\/wp-json\/wp\/v2\/types\/page"}],"author":[{"embeddable":true,"href":"https:\/\/www.eccsc.pl\/en\/wp-json\/wp\/v2\/users\/1"}],"replies":[{"embeddable":true,"href":"https:\/\/www.eccsc.pl\/en\/wp-json\/wp\/v2\/comments?post=693"}],"version-history":[{"count":2,"href":"https:\/\/www.eccsc.pl\/en\/wp-json\/wp\/v2\/pages\/693\/revisions"}],"predecessor-version":[{"id":950,"href":"https:\/\/www.eccsc.pl\/en\/wp-json\/wp\/v2\/pages\/693\/revisions\/950"}],"up":[{"embeddable":true,"href":"https:\/\/www.eccsc.pl\/en\/wp-json\/wp\/v2\/pages\/751"}],"wp:attachment":[{"href":"https:\/\/www.eccsc.pl\/en\/wp-json\/wp\/v2\/media?parent=693"}],"curies":[{"name":"wp","href":"https:\/\/api.w.org\/{rel}","templated":true}]}}