{"id":695,"date":"2019-08-28T09:08:53","date_gmt":"2019-08-28T07:08:53","guid":{"rendered":"http:\/\/www.eccsc.pl\/?page_id=695"},"modified":"2019-09-24T11:00:17","modified_gmt":"2019-09-24T09:00:17","slug":"normy-iso-9001-certyfikacja-iso-9001","status":"publish","type":"page","link":"https:\/\/www.eccsc.pl\/en\/ceryfikacja-iso\/normy-iso-9001-certyfikacja-iso-9001\/","title":{"rendered":"Norma unijna PN EN ISO 9001 &#8211; certyfikacja ISO 9001"},"content":{"rendered":"<figure id=\"attachment_624\" aria-describedby=\"caption-attachment-624\" style=\"width: 300px\" class=\"wp-caption alignleft\"><img loading=\"lazy\" decoding=\"async\" class=\"wp-image-624 size-medium\" title=\"System zarz\u0105dzania jako\u015bci\u0105 ISO 9001, ISO 9001:2000, wymagania, korzy\u015bci, norma ISO 9001\" src=\"http:\/\/www.eccsc.pl\/wp-content\/uploads\/2019\/08\/logo_pcc_1-300x300.jpg\" alt=\"System zarz\u0105dzania jako\u015bci\u0105 ISO 9001, ISO 9001:2000, wymagania, korzy\u015bci, norma ISO 9001\" width=\"300\" height=\"300\" srcset=\"https:\/\/www.eccsc.pl\/wp-content\/uploads\/2019\/08\/logo_pcc_1-300x300.jpg 300w, https:\/\/www.eccsc.pl\/wp-content\/uploads\/2019\/08\/logo_pcc_1-150x150.jpg 150w, https:\/\/www.eccsc.pl\/wp-content\/uploads\/2019\/08\/logo_pcc_1.jpg 450w\" sizes=\"auto, (max-width: 300px) 100vw, 300px\" \/><figcaption id=\"caption-attachment-624\" class=\"wp-caption-text\">System zarz\u0105dzania jako\u015bci\u0105 ISO 9001, ISO 9001:2000, wymagania, korzy\u015bci, norma ISO 9001<\/figcaption><\/figure>\n<p>System zarz\u0105dzania jako\u015bci\u0105 <strong>PN EN ISO 9001<\/strong>, ISO 9001, ISO 9001:2000, wymagania, korzy\u015bci, norma ISO 9001<\/p>\n\n\n<h1 class=\"wp-block-heading\">Certyfikat ISO 9001:2015 \u2013 normy, wdro\u017cenie, cena<\/h1>\n\n\n\n<p>System Zarz\u0105dzania Jako\u015bci\u0105 to norma, kt\u00f3r\u0105 warto wdro\u017cy\u0107 \u2013 niezale\u017cnie od wielko\u015bci przedsi\u0119biorstwa czy bran\u017cy&nbsp;w&nbsp;jakiej dzia\u0142asz. Cena wdro\u017cenia ISO 9001 jest niewielka bior\u0105c pod uwag\u0119, jak wiele korzy\u015bci przyniesie Twojej firmie.<br><\/p>\n\n\n\n<h2 class=\"wp-block-heading\">Wdro\u017cenie ISO 9001:2015 cena<\/h2>\n\n\n\n<p>Jaki jest koszt wdro\u017cenia normy ISO 9001? Cena obejmuje koszt doradztwa&nbsp;i&nbsp;sam\u0105 certyfikacj\u0119 ISO 9001. Oczywi\u015bcie cena wprowadzenia certyfikatu ISO 9001 uzale\u017cniona jest od wielko\u015bci przedsi\u0119biorstwa.<\/p>","protected":false},"excerpt":{"rendered":"<p>Normy ISO 9001 &#8211; certyfikacja ISO 9001<\/p>","protected":false},"author":1,"featured_media":0,"parent":751,"menu_order":0,"comment_status":"closed","ping_status":"closed","template":"","meta":{"footnotes":""},"class_list":["post-695","page","type-page","status-publish","hentry"],"aioseo_notices":[],"_links":{"self":[{"href":"https:\/\/www.eccsc.pl\/en\/wp-json\/wp\/v2\/pages\/695","targetHints":{"allow":["GET"]}}],"collection":[{"href":"https:\/\/www.eccsc.pl\/en\/wp-json\/wp\/v2\/pages"}],"about":[{"href":"https:\/\/www.eccsc.pl\/en\/wp-json\/wp\/v2\/types\/page"}],"author":[{"embeddable":true,"href":"https:\/\/www.eccsc.pl\/en\/wp-json\/wp\/v2\/users\/1"}],"replies":[{"embeddable":true,"href":"https:\/\/www.eccsc.pl\/en\/wp-json\/wp\/v2\/comments?post=695"}],"version-history":[{"count":4,"href":"https:\/\/www.eccsc.pl\/en\/wp-json\/wp\/v2\/pages\/695\/revisions"}],"predecessor-version":[{"id":867,"href":"https:\/\/www.eccsc.pl\/en\/wp-json\/wp\/v2\/pages\/695\/revisions\/867"}],"up":[{"embeddable":true,"href":"https:\/\/www.eccsc.pl\/en\/wp-json\/wp\/v2\/pages\/751"}],"wp:attachment":[{"href":"https:\/\/www.eccsc.pl\/en\/wp-json\/wp\/v2\/media?parent=695"}],"curies":[{"name":"wp","href":"https:\/\/api.w.org\/{rel}","templated":true}]}}