{"id":751,"date":"2019-08-30T12:24:40","date_gmt":"2019-08-30T10:24:40","guid":{"rendered":"http:\/\/www.eccsc.pl\/?page_id=751"},"modified":"2022-02-15T15:06:39","modified_gmt":"2022-02-15T14:06:39","slug":"ceryfikacja-iso","status":"publish","type":"page","link":"https:\/\/www.eccsc.pl\/en\/ceryfikacja-iso\/","title":{"rendered":"Certyfikacja ISO"},"content":{"rendered":"<h2 class=\"wp-block-heading\" id=\"certyfikacja-iso-dla-malych-srednich-i-duzych-firm\">Certyfikacja ISO dla ma\u0142ych, \u015brednich i du\u017cych firm\u200e:<\/h2>\n\n\n<div class=\"menu-certyfikacja-iso-container\"><ul id=\"menu-certyfikacja-iso\" class=\"menu\"><li id=\"menu-item-771\" class=\"menu-item menu-item-type-post_type menu-item-object-page menu-item-has-children menu-item-771\"><a href=\"https:\/\/www.eccsc.pl\/en\/ceryfikacja-iso\/\">Certyfikacja ISO<\/a>\n<ul class=\"sub-menu\">\n\t<li id=\"menu-item-776\" class=\"menu-item menu-item-type-post_type menu-item-object-page menu-item-776\"><a href=\"https:\/\/www.eccsc.pl\/en\/ceryfikacja-iso\/pn-en-iso-90012015\/\">PN-EN ISO 9001:2015-10<\/a><\/li>\n\t<li id=\"menu-item-774\" class=\"menu-item menu-item-type-post_type menu-item-object-page menu-item-774\"><a href=\"https:\/\/www.eccsc.pl\/en\/ceryfikacja-iso\/pn-en-iso-14001\/\">PN-EN ISO 14001:2015-09<\/a><\/li>\n\t<li id=\"menu-item-879\" class=\"menu-item menu-item-type-post_type menu-item-object-page menu-item-879\"><a href=\"https:\/\/www.eccsc.pl\/en\/ceryfikacja-iso\/pn-en-iso-45001\/\">PN- EN ISO 45001:2018-06<\/a><\/li>\n\t<li id=\"menu-item-882\" class=\"menu-item menu-item-type-post_type menu-item-object-page menu-item-882\"><a href=\"https:\/\/www.eccsc.pl\/en\/ceryfikacja-iso\/pn-en-iso-27001\/\">PN- EN ISO 27001:2017-06<\/a><\/li>\n\t<li id=\"menu-item-899\" class=\"menu-item menu-item-type-post_type menu-item-object-page menu-item-899\"><a href=\"https:\/\/www.eccsc.pl\/en\/ceryfikacja-iso\/pn-en-iso-15224\/\">#897 (no title)<\/a><\/li>\n\t<li id=\"menu-item-777\" class=\"menu-item menu-item-type-post_type menu-item-object-page menu-item-777\"><a href=\"https:\/\/www.eccsc.pl\/en\/ceryfikacja-iso\/proces-certyfikacji-iso-90012015\/\">Proces Certyfikacji ISO<\/a><\/li>\n\t<li id=\"menu-item-778\" class=\"menu-item menu-item-type-post_type menu-item-object-page menu-item-778\"><a href=\"https:\/\/www.eccsc.pl\/en\/ceryfikacja-iso\/certyfikacja-iso-9001\/\">Systemy zarz\u0105dzania jako\u015bci\u0105 czyli certyfikacja System\u00f3w Zarz\u0105dzania: ISO 9001:2015<\/a><\/li>\n<\/ul>\n<\/li>\n<\/ul><\/div>\n\n\n\n<h2 class=\"wp-block-heading\" id=\"certyfikacja-iso-9001-usluga-i-informacje\">Certyfikacja ISO 9001 us\u0142uga i informacje<\/h2>\n\n\n<p>System zarz\u0105dzania jako\u015bci\u0105 zgodnie z wymaganiami PN-EN ISO 9001:2015-10 w wi\u0119kszym stopniu opiera si\u0119 na wynikach, koncentruje si\u0119 na tym co nale\u017cy osi\u0105gn\u0105\u0107, a nie w jaki spos\u00f3b.<br \/>Uzyskano to dzi\u0119ki po\u0142\u0105czeniu zarz\u0105dzania procesami z podej\u015bciem opartym na ryzyku oraz stosowanie cyklu PDCA na wszystkich poziomach organizacji, uwzgl\u0119dniaj\u0105c kontekst w jakim dzia\u0142a organizacja. Pomorskie Centrum Certyfikacji Sp.z o.o.\u00a0 zajmuje si\u0119 certyfikacj\u0105 system\u00f3w zarz\u0105dzania jako\u015bci\u0105 na zgodno\u015b\u0107 z wymaganiami normy PN-EN\u00a0 ISO 9001:2015-10 zgodnie z zakresem akredytacji nadanej przez PCA pod numerem AC 177<\/p>\n\n\n<h2 class=\"wp-block-heading\" id=\"certyfikacja-iso-14001\">Certyfikacja ISO 14001<\/h2>\n\n\n<p>Norma ISO 14001 jest uznawan\u0105 norm\u0105 zarz\u0105dzania \u015brodowiskowego odpowiedni\u0105 dla du\u017cych i ma\u0142ych organizacji. <a href=\"\/en\/ceryfikacja-iso\/pn-en-iso-14001\/\"><strong>System zarz\u0105dzania \u015brodowiskowego ISO 14001<\/strong><\/a> funkcjonuj\u0105cy w oparciu o podej\u015bcie P-D-C-A, stanowi systematyczn\u0105 metod\u0119 do praktycznej integracji aspekt\u00f3w \u015brodowiskowych oraz zarz\u0105dzania poprzez wspieranie ochrony \u015brodowiska, zapobieganie zanieczyszczeniom \u015brodowiska, minimalizacj\u0119 odpad\u00f3w i zmniejszenie zu\u017cycia energii oraz zu\u017cycia materia\u0142\u00f3w. Pomorskie Centrum Certyfikacji Sp.z o.o.\u00a0 zajmuje si\u0119 certyfikacj\u0105 system\u00f3w zarz\u0105dzania jako\u015bci\u0105 na zgodno\u015b\u0107 z wymaganiami normy PN-EN\u00a0 ISO 14001:2015-09\u00a0 zgodnie z zakresem akredytacji nadanej przez PCA pod numerem AC 177<\/p>\n\n\n<h2 class=\"wp-block-heading\" id=\"certyfikacja-iso-45001\">Certyfikacja ISO 45001<\/h2>\n\n\n<p>Norma <a href=\"\/en\/ceryfikacja-iso\/pn-en-iso-45001\/\">\u00a0ISO 45001<\/a> opracowana zosta\u0142a z uwzgl\u0119dnieniem wytycznych Mi\u0119dzynarodowej Organizacji Pracy oraz wymaga\u0144 krajowych, z szerokimi uzgodnieniami mi\u0119dzynarodowymi. Norma zbudowana jest w strukturze wysokiego poziomu, ma wi\u0119c uk\u0142ad analogiczny do opublikowanych wcze\u015bniej norm dotycz\u0105cych m.in. systemu zarz\u0105dzania jako\u015bci\u0105 i systemu zarz\u0105dzania \u015brodowiskowego. U\u0142atwia to w\u0142\u0105czanie systemu zarz\u0105dzania bezpiecze\u0144stwem i higien\u0105 pracy do zintegrowanego systemu zarz\u0105dzania organizacj\u0105. Pomorskie Centrum Certyfikacji Sp.z o.o.\u00a0 zajmuje si\u0119 certyfikacj\u0105 system\u00f3w zarz\u0105dzania jako\u015bci\u0105 na zgodno\u015b\u0107 z wymaganiami normy PN-EN\u00a0 ISO 45001:2018-08 zgodnie z zakresem akredytacji nadanej przez PCA pod numerem AC 177<\/p>\n\n\n<h2 class=\"wp-block-heading\" id=\"iso-iec-27001-norma-miedzynarodowa-standaryzujaca-systemy-zarzadzania-bezpieczenstwem-informacji\">ISO\/IEC 27001 \u2013 norma mi\u0119dzynarodowa standaryzuj\u0105ca systemy zarz\u0105dzania bezpiecze\u0144stwem informacji.<\/h2>\n\n\n<p><a href=\"\/en\/ceryfikacja-iso\/pn-en-iso-27001\/\">W normie ISO\/IEC 27001:2013<\/a>\u00a0wyr\u00f3\u017cniono jedena\u015bcie obszar\u00f3w, maj\u0105cych wp\u0142yw na bezpiecze\u0144stwo informacji w organizacji:<\/p>\n<ul>\n<li>Polityka bezpiecze\u0144stwa<\/li>\n<li>Organizacja bezpiecze\u0144stwa informacji<\/li>\n<li>Zarz\u0105dzanie aktywami<\/li>\n<li>Bezpiecze\u0144stwo zasob\u00f3w ludzkich<\/li>\n<li>Bezpiecze\u0144stwo fizyczne i \u015brodowiskowe<\/li>\n<li>Zarz\u0105dzanie systemami i sieciami<\/li>\n<li>Kontrola dost\u0119pu<\/li>\n<li>Zarz\u0105dzanie ci\u0105g\u0142o\u015bci\u0105 dzia\u0142ania<\/li>\n<li>Pozyskiwanie, rozw\u00f3j i utrzymanie system\u00f3w informatycznych<\/li>\n<li>Zarz\u0105dzanie incydentami zwi\u0105zanymi z bezpiecze\u0144stwem informacji<\/li>\n<li>Zgodno\u015b\u0107 z wymaganiami prawnymi i w\u0142asnymi standardami.\u00a0 \u00a0 \u00a0 \u00a0 \u00a0 \u00a0 \u00a0 \u00a0 \u00a0 \u00a0 \u00a0 \u00a0 \u00a0 \u00a0 \u00a0 \u00a0 \u00a0 \u00a0 \u00a0 \u00a0 \u00a0 \u00a0 \u00a0 \u00a0 \u00a0 \u00a0 \u00a0 \u00a0 \u00a0 \u00a0 \u00a0 \u00a0 \u00a0 \u00a0 \u00a0 \u00a0 \u00a0 \u00a0 \u00a0 \u00a0 \u00a0 \u00a0 \u00a0 \u00a0 Pomorskie Centrum Certyfikacji Sp.z o.o.\u00a0 zajmuje si\u0119 certyfikacj\u0105 system\u00f3w zarz\u0105dzania jako\u015bci\u0105 na zgodno\u015b\u0107 z wymaganiami normy PN-EN\u00a0 ISO 27001:2017-06 zgodnie z zakresem akredytacji nadanej przez PCA pod numerem AC 177<\/li>\n<\/ul>\n\n\n<p><\/p>","protected":false},"excerpt":{"rendered":"<p>Certyfikacja ISO dla ma\u0142ych, \u015brednich i du\u017cych firm\u200e: Certyfikacja ISO 9001 us\u0142uga i informacje System zarz\u0105dzania jako\u015bci\u0105 zgodnie z wymaganiami PN-EN ISO 9001:2015-10 w wi\u0119kszym stopniu opiera si\u0119 na wynikach, koncentruje si\u0119 na tym co nale\u017cy osi\u0105gn\u0105\u0107, a nie w jaki spos\u00f3b.Uzyskano to dzi\u0119ki po\u0142\u0105czeniu zarz\u0105dzania procesami z podej\u015bciem opartym na ryzyku oraz stosowanie cyklu [&hellip;]<\/p>","protected":false},"author":1,"featured_media":0,"parent":0,"menu_order":0,"comment_status":"closed","ping_status":"closed","template":"","meta":{"footnotes":""},"class_list":["post-751","page","type-page","status-publish","hentry"],"aioseo_notices":[],"_links":{"self":[{"href":"https:\/\/www.eccsc.pl\/en\/wp-json\/wp\/v2\/pages\/751","targetHints":{"allow":["GET"]}}],"collection":[{"href":"https:\/\/www.eccsc.pl\/en\/wp-json\/wp\/v2\/pages"}],"about":[{"href":"https:\/\/www.eccsc.pl\/en\/wp-json\/wp\/v2\/types\/page"}],"author":[{"embeddable":true,"href":"https:\/\/www.eccsc.pl\/en\/wp-json\/wp\/v2\/users\/1"}],"replies":[{"embeddable":true,"href":"https:\/\/www.eccsc.pl\/en\/wp-json\/wp\/v2\/comments?post=751"}],"version-history":[{"count":28,"href":"https:\/\/www.eccsc.pl\/en\/wp-json\/wp\/v2\/pages\/751\/revisions"}],"predecessor-version":[{"id":1067,"href":"https:\/\/www.eccsc.pl\/en\/wp-json\/wp\/v2\/pages\/751\/revisions\/1067"}],"wp:attachment":[{"href":"https:\/\/www.eccsc.pl\/en\/wp-json\/wp\/v2\/media?parent=751"}],"curies":[{"name":"wp","href":"https:\/\/api.w.org\/{rel}","templated":true}]}}