{"id":785,"date":"2019-09-11T06:53:23","date_gmt":"2019-09-11T04:53:23","guid":{"rendered":"http:\/\/www.eccsc.pl\/?page_id=785"},"modified":"2022-02-15T15:17:53","modified_gmt":"2022-02-15T14:17:53","slug":"certyfikacja-iso-9001-pcc-certification","status":"publish","type":"page","link":"https:\/\/www.eccsc.pl\/en\/ceryfikacja-iso\/certyfikacja-iso-9001-pcc-certification\/","title":{"rendered":"Certyfikacja ISO 9001 \u2013 PCC Certification"},"content":{"rendered":"<h2 class=\"wp-block-heading\" id=\"system-zarzadzania-jakoscia-iso-9001\"><a href=\"\/en\/certyfikacja-iso-9001\/\">System zarz\u0105dzania jako\u015bci\u0105 ISO 9001<\/a><\/h2>\n\n\n<p><strong>Certyfikacja ISO 9001<\/strong>&nbsp;<\/p>\n<p>Wi\u0119kszo\u015b\u0107 organizacji zaczyna podejmowa\u0107 decyzje o certyfikacji,&nbsp; gdy wymagaj\u0105 tego kontrahenci. Typowym przyk\u0142adem mog\u0105 by\u0107&nbsp; kryteria stawiane w post\u0119powaniach przetargowych, wymaganiach podczas kontraktowania us\u0142ug w NFZ. Jednak coraz wi\u0119ksza \u015bwiadomo\u015b\u0107 Kierownictwa i wymagania rynku&nbsp; powoduj\u0105, \u017ce coraz cz\u0119\u015bciej pojawiaj\u0105 si\u0119 firmy nastawione na szeroko rozumian\u0105 jako\u015b\u0107 i podej\u015bcie projako\u015bciowe. Kierownictwo coraz cz\u0119\u015bciej nastawione jest na klienta, pragnie ulepsza\u0107 komunikacj\u0119 w swojej firmie , dba\u0107 o zadowolenie&nbsp; klienta i co wi\u0119cej mie\u0107 potwierdzenie w postaci certyfikowanego systemu zarz\u0105dzania jako\u015bci\u0105.&nbsp;<\/p>\n<p>Posiadaj\u0105c system zarz\u0105dzania jako\u015bci\u0105&nbsp; zgodnego z ISO 9001:2015&nbsp; \u0142atwiej jest uporz\u0105dkowa\u0107, usystematyzowa\u0107 procesy zachodz\u0105ce w&nbsp; organizacjach, jednoznacznie przyporz\u0105dkowa\u0107 odpowiedzialno\u015bci, jasno okre\u015bli\u0107 \u015bcie\u017cki post\u0119powania. Norma ISO 9001 nie podaje gotowych rozwi\u0105za\u0144, wskazuje jednak kierunek post\u0119powania i stanowi&nbsp; &nbsp;narz\u0119dzie u\u0142atwiaj\u0105ce zarz\u0105dzanie firm\u0105.&nbsp; &nbsp;Ponadto skutecznie wdro\u017cony i certyfikowany system podnosi presti\u017c firmy na rynku, powoduje wzrost zaufania do&nbsp; przedsi\u0119biorstwa. Certyfikowany system w organizacji oznacza, \u017ce dana firma poddaje si\u0119 niezale\u017cnej, zewn\u0119trznej ocenie przez jednostk\u0119 certyfikuj\u0105c\u0105, kt\u00f3ra potwierdza skuteczno\u015b\u0107 jego funkcjonowania.<\/p>\n\n\n<h2 class=\"wp-block-heading\" id=\"co-to-jest-iso-9001\"><a href=\"\/en\/certyfikacja-iso-9001-pcc-certification\/\">Co to jest ISO 9001?<\/a><\/h2>\n\n\n<p><\/p>\n<p>Og\u00f3lnie m\u00f3wi\u0105c, jest to system zarz\u0105dzania jako\u015bci\u0105 przedsi\u0119biorstwa. ISO 9001 to mi\u0119dzynarodowy standard, kt\u00f3rego g\u0142\u00f3wnymi za\u0142o\u017ceniami s\u0105: koncentracja na kliencie, zaanga\u017cowanie ca\u0142ej kadry, przyw\u00f3dztwo, podej\u015bcie systemowe i procesowe do zarz\u0105dzania, ci\u0105g\u0142e doskonalenie, opieranie si\u0119 na faktach oraz korzystne wzajemne powi\u0105zania z dostawcami.<\/p>\n<p>Jest szeroko znanym i akceptowanym na \u015bwiecie systemem zarz\u0105dzania jako\u015bci\u0105 okre\u015blaj\u0105cym wystandaryzowane&nbsp; wymagania, kt\u00f3re powinien spe\u0142nia\u0107 ka\u017cdy system zarz\u0105dzania w organizacji.&nbsp;<\/p>\n<p>Certyfikat ISO 9001:2015 to pewnego rodzaju obiektywny dow\u00f3d, \u017ce wszystkie procesy w organizacji zorientowane s\u0105 na osi\u0105gni\u0119cie&nbsp; jako\u015bci.&nbsp;<\/p>\n<p><\/p>\n\n\n<h2 class=\"wp-block-heading\" id=\"dla-kogo-jest-iso-9001\">Dla kogo jest <a href=\"\/en\/certyfikat-iso-9001-2009\/\">ISO 9001<\/a>?<\/h2>\n\n\n<p>Certyfikacja wg normy ISO 9001 jest uznawana za podstaw\u0119 budowania <span id=\"akon_nsitsp_0\">system\u00f3w<\/span>&nbsp;zarz\u0105dzania jako\u015bci\u0105 we wszystkich organizacjach, bez wzgl\u0119du na rodzaj ich dzia\u0142alno\u015bci.<\/p>\n<p class=\"tresc\">Co zaleca norma? Mi\u0119dzy innymi systematyczne planowanie produkcji i nadz\u00f3r nad ni\u0105, maksymalizacj\u0119 zadowolenia klient\u00f3w, sta\u0142e udoskonalanie organizacji itd. Ka\u017cda szanuj\u0105ca si\u0119 firma, nawet bez ISO, radzi sobie na tych polach. Jednak certyfikat stanowi dow\u00f3d osi\u0105gni\u0119tej sprawno\u015bci w zarz\u0105dzaniu jako\u015bci\u0105. W Polsce taki certyfikat posiada ok. 15 tys. firm.&nbsp;<\/p>","protected":false},"excerpt":{"rendered":"<p>System zarz\u0105dzania jako\u015bci\u0105 ISO 9001 Certyfikacja ISO 9001&nbsp; Wi\u0119kszo\u015b\u0107 organizacji zaczyna podejmowa\u0107 decyzje o certyfikacji,&nbsp; gdy wymagaj\u0105 tego kontrahenci. Typowym przyk\u0142adem mog\u0105 by\u0107&nbsp; kryteria stawiane w post\u0119powaniach przetargowych, wymaganiach podczas kontraktowania us\u0142ug w NFZ. Jednak coraz wi\u0119ksza \u015bwiadomo\u015b\u0107 Kierownictwa i wymagania rynku&nbsp; powoduj\u0105, \u017ce coraz cz\u0119\u015bciej pojawiaj\u0105 si\u0119 firmy nastawione na szeroko rozumian\u0105 jako\u015b\u0107 i [&hellip;]<\/p>","protected":false},"author":1,"featured_media":0,"parent":751,"menu_order":0,"comment_status":"closed","ping_status":"closed","template":"","meta":{"footnotes":""},"class_list":["post-785","page","type-page","status-publish","hentry"],"aioseo_notices":[],"_links":{"self":[{"href":"https:\/\/www.eccsc.pl\/en\/wp-json\/wp\/v2\/pages\/785","targetHints":{"allow":["GET"]}}],"collection":[{"href":"https:\/\/www.eccsc.pl\/en\/wp-json\/wp\/v2\/pages"}],"about":[{"href":"https:\/\/www.eccsc.pl\/en\/wp-json\/wp\/v2\/types\/page"}],"author":[{"embeddable":true,"href":"https:\/\/www.eccsc.pl\/en\/wp-json\/wp\/v2\/users\/1"}],"replies":[{"embeddable":true,"href":"https:\/\/www.eccsc.pl\/en\/wp-json\/wp\/v2\/comments?post=785"}],"version-history":[{"count":9,"href":"https:\/\/www.eccsc.pl\/en\/wp-json\/wp\/v2\/pages\/785\/revisions"}],"predecessor-version":[{"id":1061,"href":"https:\/\/www.eccsc.pl\/en\/wp-json\/wp\/v2\/pages\/785\/revisions\/1061"}],"up":[{"embeddable":true,"href":"https:\/\/www.eccsc.pl\/en\/wp-json\/wp\/v2\/pages\/751"}],"wp:attachment":[{"href":"https:\/\/www.eccsc.pl\/en\/wp-json\/wp\/v2\/media?parent=785"}],"curies":[{"name":"wp","href":"https:\/\/api.w.org\/{rel}","templated":true}]}}