{"id":874,"date":"2019-09-16T08:59:11","date_gmt":"2019-09-16T06:59:11","guid":{"rendered":"https:\/\/www.eccsc.pl\/?page_id=874"},"modified":"2022-03-07T09:47:06","modified_gmt":"2022-03-07T08:47:06","slug":"pn-en-iso-45001","status":"publish","type":"page","link":"https:\/\/www.eccsc.pl\/en\/ceryfikacja-iso\/pn-en-iso-45001\/","title":{"rendered":"PN- EN ISO 45001:2018-06"},"content":{"rendered":"<h2 class=\"wp-block-heading\">Certyfikat ISO 45001 to norma dotycz\u0105ca zarz\u0105dzania BHP <\/h2>\n\n\n<p>Nowa norma PN-EN ISO 45001:2018 -06 zast\u0119puje standardy BS OHSAS 18001:2007 oraz PN- N 18001:2004, okre\u015blaj\u0105ce wymagania dla systemu zarz\u0105dzania bezpiecze\u0144stwem i higien\u0105 pracy.&nbsp;<\/p>\n<p>Norma ta pojawi\u0142a si\u0119 w celu zapewnienia kompatybilno\u015bci z nowymi wydaniami norm dotycz\u0105cymi systemu zarz\u0105dzania jako\u015bci\u0105 (PN-EN ISO 9001:2015-10) oraz \u015brodowiskowego (PN-EN ISO 14001:2015-09). Normy te posiadaj\u0105 jednolit\u0105 struktur\u0119, zgodn\u0105 ze standardem HLS (High Level Structure). Dzi\u0119ki temu integracja system\u00f3w zarz\u0105dzania jako\u015bci\u0105, \u015brodowiskowego oraz bezpiecze\u0144stwem i higien\u0105 pracy w organizacjach staje \u0142atwiejsza, poniewa\u017c we wszystkich normach wydanych po 2013 roku obowi\u0105zuje taka sama struktura (numeracja rozdzia\u0142\u00f3w oraz uk\u0142ad wymaga\u0144).<\/p>\n<p>Norma PN-EN ISO 45001:2018-06 reguluje zagadnienia zwi\u0105zane z bezpiecze\u0144stwem i higien\u0105 pracy, stanowi podstaw\u0119 do zapobiegania wypadkom i chorobom zawodowym oraz stanowi gwarancj\u0119 bezpiecznych i zdrowych miejsc pracy. Norma&nbsp; &nbsp; &nbsp; &nbsp; &nbsp; &nbsp;PN-EN&nbsp; ISO 45001:2018-06&nbsp; umo\u017cliwia wprowadzanie skutecznych dzia\u0142a\u0144 ochronnych, kt\u00f3re przyczyniaj\u0105 si\u0119 do zapewnienia bezpiecze\u0144stwa w miejscu pracy. Czynno\u015bci te jednocze\u015bnie umo\u017cliwiaj\u0105 bezproblemowe prowadzenie dzia\u0142alno\u015bci oraz pozwolaj\u0105 na podniesienie konkurencyjno\u015bci organizacji, co pozytywnie wp\u0142ynie na jej wizerunek w\u015br\u00f3d klient\u00f3w i pracownik\u00f3w.<\/p>\n<p>Podstawow\u0105 zasad\u0105 dzia\u0142ania normy PN-ENISO 45001 :2018-06 jest cykl PDCA: Planuj \u2013 Wykonaj \u2013 Sprawd\u017a \u2013 Dzia\u0142aj (ang. Plan \u2013 Do \u2013 Check \u2013 Act). Norma ISO 45001 pomaga Organizacji w osi\u0105gni\u0119ciu zamierzonych wynik\u00f3w w zakresie systemu zarz\u0105dzania BHP poprzez wdro\u017con\u0105 polityk\u0119 BHP i cele uwzgl\u0119dniaj\u0105ce wymagania prawne oraz informacje o ryzyku BHP. Norma zosta\u0142a opracowana z zamiarem stosowania jej w ka\u017cdej organizacji, niezale\u017cnie od wielko\u015bci, profilu dzia\u0142alno\u015bci, bior\u0105c pod uwag\u0119 r\u00f3\u017cne czynniki (geograficzne, kulturowe, spo\u0142eczne). Celem ISO 45001 jest wspieranie i promowanie dobrych praktyk w dziedzinie BHP, przy zachowaniu r\u00f3wnowagi z potrzebami ekonomicznymi.<\/p>\n<p>Zasadnicze zmiany w stosunku do wcze\u015bniejszych standard\u00f3w dotycz\u0105cych bezpiecze\u0144stwa i higieny pracy:<\/p>\n<ul>\n<li>uwzgl\u0119dnienie kontekstu organizacji w zarz\u0105dzaniu BHP;<\/li>\n<li>uwzgl\u0119dnienie w planowaniu systemu zarz\u0105dzania BHP ryzyk i szans odnosz\u0105cych si\u0119 zar\u00f3wno do pracownik\u00f3w, innych stron zainteresowanych, jak i do samej organizacji (np. naruszenie reputacji, wp\u0142yw na ci\u0105g\u0142o\u015b\u0107 dzia\u0142ania);<\/li>\n<li>zwi\u0119kszenie roli przyw\u00f3dztwa oraz znaczenia zarz\u0105dzania BHP poprzez integracj\u0119 z procesami biznesowymi (np. projektowania i rozwoju, zaopatrzenia, zasob\u00f3w ludzkich, sprzeda\u017cy i marketingu);<\/li>\n<li>rozszerzenie wymaga\u0144 dotycz\u0105cych komunikacji;<\/li>\n<li>wi\u0119kszy nacisk na planowanie zmian m.in. poprzez przegl\u0105d ich konsekwencji;<\/li>\n<li>partycypacja pracownik\u00f3w w odniesieniu do: mechanizm\u00f3w ich konsultacji i uczestnictwa; identyfikacji zagro\u017ce\u0144 i oceny ryzyka; dzia\u0142a\u0144 maj\u0105cych na celu kontrolowanie zagro\u017ce\u0144 i ryzyka; identyfikacje wymaga\u0144 kompetencyjnych, potrzeb szkoleniowych, szkole\u0144 i ich ewaluacji; okre\u015blanie informacji, kt\u00f3re musz\u0105 by\u0107 zakomunikowane i jak nale\u017cy to zrobi\u0107; okre\u015blenie \u015brodk\u00f3w kontrolnych i ich efektywne wykorzystanie, badanie wypadk\u00f3w i niezgodno\u015bci oraz okre\u015blanie dzia\u0142a\u0144 koryguj\u0105cych;<\/li>\n<li>w\u0142\u0105czenie pracownik\u00f3w w konsultacje dotycz\u0105ce: okre\u015blenia potrzeb i oczekiwa\u0144 stron zainteresowanych; ustanowienia polityki BHP; przypisania organizacyjnych r\u00f3l, obowi\u0105zk\u00f3w, zakres\u00f3w odpowiedzialno\u015bci i uprawnie\u0144; okre\u015blenia sposobu spe\u0142niania wymog\u00f3w prawnych i innych wymaga\u0144; okre\u015blenia cel\u00f3w BHP; okre\u015blenia stosowanych element\u00f3w nadzoru w stosunku do podwykonawc\u00f3w; ustalenia, co nale\u017cy monitorowa\u0107, mierzy\u0107 i ocenia\u0107; planowania, tworzenia, wdra\u017cania i utrzymywania program\u00f3w audyt\u00f3w, zapewnienia procesu ci\u0105g\u0142ego doskonalenia;<\/li>\n<li>uwzgl\u0119dnienie struktury (numeracja rozdzia\u0142\u00f3w i uk\u0142ad wymaga\u0144) innych norm ISO, co jest u\u0142atwieniem dla organizacji, kt\u00f3ra posiada wi\u0119cej ni\u017c jeden system zarz\u0105dzania.<\/li>\n<\/ul>\n\n\n<p>Pomorskie Centrum Certyfikacji Sp. z o.o. jest akredytowan\u0105 jednostk\u0105 certyfikuj\u0105c\u0105 systemy zarz\u0105dzania w programie PN-EN ISO 45001:2018-06 i prowadzi procesy certyfikacji zgodnie z zakresem akredytacji dost\u0119pnym jest na stronie internetowej Polskiego Centrum Akredytacji pod numerem AC 177. Je\u015bli proces certyfikacji prowadzony jest poza zakresem akredytacji Klient jest o tym informowany a po zrealizowanym procesie otrzymuje certyfikat bez znaku PCA. Pomorskie Centrum Certyfikacji Sp.  z o.o. d\u0105\u017cy do poszerzania swoich kompetencji i po zrealizowaniu procesu b\u0119d\u0105cego poza zakresem akredytacji wyst\u0119puje z wnioskiem o poszerzenie zakresu. Wymiana certyfikatu u klienta nast\u0119puje nie p\u00f3\u017aniej ni\u017c w przeci\u0105gu 1 roku. <\/p>","protected":false},"excerpt":{"rendered":"<p>Certyfikat ISO 45001 to norma dotycz\u0105ca zarz\u0105dzania BHP Nowa norma PN-EN ISO 45001:2018 -06 zast\u0119puje standardy BS OHSAS 18001:2007 oraz PN- N 18001:2004, okre\u015blaj\u0105ce wymagania dla systemu zarz\u0105dzania bezpiecze\u0144stwem i higien\u0105 pracy.&nbsp; Norma ta pojawi\u0142a si\u0119 w celu zapewnienia kompatybilno\u015bci z nowymi wydaniami norm dotycz\u0105cymi systemu zarz\u0105dzania jako\u015bci\u0105 (PN-EN ISO 9001:2015-10) oraz \u015brodowiskowego (PN-EN ISO [&hellip;]<\/p>","protected":false},"author":1,"featured_media":0,"parent":751,"menu_order":0,"comment_status":"closed","ping_status":"closed","template":"","meta":{"footnotes":""},"class_list":["post-874","page","type-page","status-publish","hentry"],"aioseo_notices":[],"_links":{"self":[{"href":"https:\/\/www.eccsc.pl\/en\/wp-json\/wp\/v2\/pages\/874","targetHints":{"allow":["GET"]}}],"collection":[{"href":"https:\/\/www.eccsc.pl\/en\/wp-json\/wp\/v2\/pages"}],"about":[{"href":"https:\/\/www.eccsc.pl\/en\/wp-json\/wp\/v2\/types\/page"}],"author":[{"embeddable":true,"href":"https:\/\/www.eccsc.pl\/en\/wp-json\/wp\/v2\/users\/1"}],"replies":[{"embeddable":true,"href":"https:\/\/www.eccsc.pl\/en\/wp-json\/wp\/v2\/comments?post=874"}],"version-history":[{"count":4,"href":"https:\/\/www.eccsc.pl\/en\/wp-json\/wp\/v2\/pages\/874\/revisions"}],"predecessor-version":[{"id":1097,"href":"https:\/\/www.eccsc.pl\/en\/wp-json\/wp\/v2\/pages\/874\/revisions\/1097"}],"up":[{"embeddable":true,"href":"https:\/\/www.eccsc.pl\/en\/wp-json\/wp\/v2\/pages\/751"}],"wp:attachment":[{"href":"https:\/\/www.eccsc.pl\/en\/wp-json\/wp\/v2\/media?parent=874"}],"curies":[{"name":"wp","href":"https:\/\/api.w.org\/{rel}","templated":true}]}}