{"id":941,"date":"2019-09-24T08:50:21","date_gmt":"2019-09-24T06:50:21","guid":{"rendered":"https:\/\/www.eccsc.pl\/?page_id=941"},"modified":"2019-09-24T11:10:18","modified_gmt":"2019-09-24T09:10:18","slug":"koszty-wdrozenia-systemu-zarzadzania-jakoscia-iso","status":"publish","type":"page","link":"https:\/\/www.eccsc.pl\/en\/koszty-wdrozenia-systemu-zarzadzania-jakoscia-iso\/","title":{"rendered":"Koszty wdro\u017cenia systemu zarz\u0105dzania jako\u015bci\u0105 ISO"},"content":{"rendered":"<h2 class=\"wp-block-heading\">Cena, koszt wdro\u017cenia systemu zarz\u0105dzania jako\u015bci\u0105 ISO<\/h2>\n\n\n<p><strong>Wdro\u017cenie ISO 9001<\/strong><br>Zajmujemy si\u0119 us\u0142ugami doradczymi dla przedsi\u0119biorstw. Jeste\u015bmy specjalistami w zakresie m.in: wdra\u017cania System\u00f3w zarz\u0105dzania jako\u015bci\u0105 wg ISO 9001,System\u00f3w zarz\u0105dzania \u015brodowiskowego wg ISO 14001, czy System\u00f3w BHP wg PN-N 18001<\/p>\n<p>Nasi specjali\u015bci pomog\u0105 Ci skutecznie pozna\u0107 norm\u0119, wdro\u017cy\u0107 system, stworzy\u0107 dokumentacj\u0119, co pozwoli Twojej firmie uzyska\u0107 potrzebne potwierdzenie dzia\u0142ania zgodnie z norm\u0105 PN-EN ISO 9001:2015.<\/p>\n<p>Zapewniamy przeprowadzenie Ci\u0119 przez ca\u0142y etap wdro\u017cenia. Dzi\u0119ki naszym programom wdro\u017cenia, optymalizacji proces\u00f3w i dokumentacji w Twojej firmie, mo\u017cesz w najszybszy spos\u00f3b, wdro\u017cy\u0107 system zarz\u0105dzania i zdoby\u0107 certyfikat ISO 9001.<br>Opr\u00f3cz tego nasza witryna zawiera wiele przydatnych informacji o tematyce system\u00f3w zarz\u0105dzania.<br>Postaramy si\u0119, \u017ceby dokumentacja systemu ISO by\u0142a u\u017cyteczna.Nasze sprawdzone systemy na wdra\u017canie ISO 9001 s\u0105 sprawdzone wieloletnim do\u015bwiadczeniem, dzi\u0119ki czemu od samego pocz\u0105tku unikamy b\u0142\u0119d\u00f3w.<\/p>\n<p>Je\u017celi nadal zastanawiasz si\u0119 nad tym, czy certyfikacja ISO 9001 jest dla Twojej firmy op\u0142acalna, poczytaj o profitach z wdro\u017cenia systemu zarz\u0105dzania jako\u015bci\u0105<br>Interesuje Ci\u0119 WDRO\u017bENIE ISO 9001 lub innych system\u00f3w ISO?<\/p>\n\n\n<h2 class=\"wp-block-heading\">Twoja firma jest zainteresowana wdro\u017ceniem systemu ISO 9001 lub innego?<\/h2>\n\n\n<p>Je\u015bli jeste\u015b zainteresowany wdro\u017ceniem systemu ISO, <a href=\"\/en\/contact-us\/\">skontaktuj si\u0119 z nami<\/a>.<\/p>","protected":false},"excerpt":{"rendered":"<p>Cena, koszt wdro\u017cenia systemu zarz\u0105dzania jako\u015bci\u0105 ISO Wdro\u017cenie ISO 9001Zajmujemy si\u0119 us\u0142ugami doradczymi dla przedsi\u0119biorstw. Jeste\u015bmy specjalistami w zakresie m.in: wdra\u017cania System\u00f3w zarz\u0105dzania jako\u015bci\u0105 wg ISO 9001,System\u00f3w zarz\u0105dzania \u015brodowiskowego wg ISO 14001, czy System\u00f3w BHP wg PN-N 18001 Nasi specjali\u015bci pomog\u0105 Ci skutecznie pozna\u0107 norm\u0119, wdro\u017cy\u0107 system, stworzy\u0107 dokumentacj\u0119, co pozwoli Twojej firmie uzyska\u0107 potrzebne [&hellip;]<\/p>","protected":false},"author":1,"featured_media":0,"parent":0,"menu_order":0,"comment_status":"closed","ping_status":"closed","template":"","meta":{"footnotes":""},"class_list":["post-941","page","type-page","status-publish","hentry"],"aioseo_notices":[],"_links":{"self":[{"href":"https:\/\/www.eccsc.pl\/en\/wp-json\/wp\/v2\/pages\/941","targetHints":{"allow":["GET"]}}],"collection":[{"href":"https:\/\/www.eccsc.pl\/en\/wp-json\/wp\/v2\/pages"}],"about":[{"href":"https:\/\/www.eccsc.pl\/en\/wp-json\/wp\/v2\/types\/page"}],"author":[{"embeddable":true,"href":"https:\/\/www.eccsc.pl\/en\/wp-json\/wp\/v2\/users\/1"}],"replies":[{"embeddable":true,"href":"https:\/\/www.eccsc.pl\/en\/wp-json\/wp\/v2\/comments?post=941"}],"version-history":[{"count":2,"href":"https:\/\/www.eccsc.pl\/en\/wp-json\/wp\/v2\/pages\/941\/revisions"}],"predecessor-version":[{"id":957,"href":"https:\/\/www.eccsc.pl\/en\/wp-json\/wp\/v2\/pages\/941\/revisions\/957"}],"wp:attachment":[{"href":"https:\/\/www.eccsc.pl\/en\/wp-json\/wp\/v2\/media?parent=941"}],"curies":[{"name":"wp","href":"https:\/\/api.w.org\/{rel}","templated":true}]}}