{"id":943,"date":"2019-09-24T09:05:52","date_gmt":"2019-09-24T07:05:52","guid":{"rendered":"https:\/\/www.eccsc.pl\/?page_id=943"},"modified":"2020-01-13T07:24:53","modified_gmt":"2020-01-13T06:24:53","slug":"poszukujesz-firmy-wdrazajacej-iso-9001","status":"publish","type":"page","link":"https:\/\/www.eccsc.pl\/en\/poszukujesz-firmy-wdrazajacej-iso-9001\/","title":{"rendered":"Poszukujesz firmy wdra\u017caj\u0105cej ISO 9001"},"content":{"rendered":"<p>Pomorskie Centrum Certyfikacji Sp.\u00a0 zoo. nie\u00a0 wdra\u017ca system\u00f3w zarz\u0105dzania na zgodno\u015b\u0107 z mi\u0119dzynarodowymi standardami ISO.\u00a0 Zajmujemy si\u0119 tylko ocen\u0105 wdro\u017cenia i certyfikacj\u0105 system\u00f3w zarz\u0105dzania jako\u015bci\u0105, \u015brodowiskowego, bezpiecze\u0144stwa i higieny pracy oraz zarz\u0105dzaniem bezpiecze\u0144stwem informacji.\u00a0 \u00a0Je\u015bli poszukujesz jednostki certyfikuj\u0105cej skontaktuj si\u0119 z nami! Jakimi certyfikatami ISO si\u0119 zajmuj\u0119? Obecnie zajmuj\u0119 si\u0119 certyfikacj\u0105: ISO 9001 \u2013 wysokie standardy jako\u015bci ISO 14001<\/p>\n\n\n<h2 class=\"wp-block-heading\">Je\u015bli szukasz firmy, kt\u00f3ra wdra\u017ca systemy certyfikacyjne ISO to firma PCC jest dobrym wyborem.<\/h2>\n\n\n<p>Poszukujesz firmy, kt\u00f3ra pomog\u0142aby w uzyskaniu ISO 9001 w firmie zatrudniaj\u0105cej paru pracownik\u00f3w. Zale\u017cy Tobie na mo\u017cliwie kr\u00f3tkim czasie wdro\u017cenia. <a href=\"\/en\/contact-us\/\">Skontaktuj si\u0119 z nami<\/a>!<\/p>\n\n\n<h2 class=\"wp-block-heading\">Jakimi certyfikatami ISO si\u0119 zajmuj\u0119?<\/h2>\n\n\n<p>Obecnie zajmuj\u0119 si\u0119 certyfikacj\u0105:<\/p>\n<ul>\n<li>ISO 9001 \u2013 wysokie standardy jako\u015bci<\/li>\n<li>ISO 14001 \u2013 zarz\u0105dzanie \u015brodowiskiem<\/li>\n<li>ISO 45001 \u2013 BHP<\/li>\n<li>ISO 27001 \u2013 bezpiecze\u0144stwo informacji<\/li>\n<\/ul>\n\n\n<h2 class=\"wp-block-heading\">Nasze dzia\u0142ania obejmuj\u0105 nast\u0119puj\u0105ce zakresy:<\/h2>\n\n\n<ul>\n<li>Projektowanie<\/li>\n<li>Wdra\u017canie<\/li>\n<li>Ocena<\/li>\n<\/ul>\n\n\n<h2 class=\"wp-block-heading\">Wdra\u017canie i certyfikacja ISO &#8211; koszt<\/h2>\n\n\n<p>Chcesz wyceni\u0107 ocen\u0119 i certyfikacje? Interesuje Ci\u0119 koszt certyfikacji ISO w Twoim przedsi\u0119biorstwie? Wype\u0142nij zapytanie ofertowe, a udzielimy wszelkich niezb\u0119dnych informacji. Na \u017cyczenie Klienta dokonujemy wyceny przeprowadzanej certyfikacji oraz nadzor\u00f3w z ni\u0105 zwi\u0105zanymi. Ostateczny koszt certyfikacji ISO uzale\u017cniony jest od wielu czynnik\u00f3w, miedzy innymi od koszt\u00f3w zwi\u0105zanych z przeprowadzeniem audyt\u00f3w certyfikuj\u0105cych i nadzoruj\u0105cych.<\/p>\n\n\n<h2 class=\"wp-block-heading\">Dlaczego warto wdro\u017cy\u0107 ISO?<\/h2>\n\n\n<p>Rywalizacja na rynkach jest coraz wi\u0119ksza, co jest skutkiem globalizacji i zanikaniem granic gospodarczych. Otrzymanie certyfikatu ISO wyr\u00f3\u017cni Was na tle konkurencji. Certyfikat ISO zwi\u0119ksza zaufanie Klient\u00f3w do Twojej firmy. Buduje klarowny przekaz, dotycz\u0105cy wysokiej jako\u015bci dzia\u0142a\u0144 prowadzonych przez Twoj\u0105 firm\u0119.<\/p>\n\n\n<h2 class=\"wp-block-heading\">CERTYFIKAT ISO 9001<\/h2>\n\n\n<p>Aby uzyska\u0107, konieczne jest wdro\u017cenie systemu zarz\u0105dzania jako\u015bc\u0105, wg normy ISO 9001.<br>Jakie korzy\u015bci niesie wdro\u017cenie ISO 9001 oraz uzyskanie certyfikatu?<\/p>\n<ul>\n<li>zwi\u0119kszenie swojej konkurencyjno\u015bci<\/li>\n<li>minimalizacj\u0119 koszt\u00f3w wytwarzania<\/li>\n<li>zwi\u0119kszenie rentowno\u015bci<\/li>\n<li>poprawienie sposobu zarz\u0105dzania<\/li>\n<li>u\u0142atwienie eksportu towar\u00f3w<\/li>\n<li>zwi\u0119kszenie zadowolenia klienta<\/li>\n<li>podniesienie poziomu kwalifikacji personelu<\/li>\n<li>lepsza organizacja pracy<\/li>\n<li>ujednolicenie dokumentacji<\/li>\n<\/ul>\n\n\n<h2 class=\"wp-block-heading\">CERTYFIKAT ISO 14001<\/h2>\n\n\n<p>Do uzyskania, niezb\u0119dne jest wdro\u017cenie systemu zarz\u0105dzania \u015brodowiskowego wg ISO 14001.<br>Jakie korzy\u015bci niesie wdro\u017cenie ISO 14001 ?<\/p>\n<ul>\n<li>zwi\u0119kszenie swojej konkurencyjno\u015bci<\/li>\n<li>zmniejszenie koszt\u00f3w dzia\u0142alno\u015bci<\/li>\n<li>prezentacja polityki pro-ekologicznej firmy na rynku<\/li>\n<li>wykazanie, \u017ce dzia\u0142a ona zgodnie z maj\u0105cymi zastosowanie przepisami prawa oraz innymi, do kt\u00f3rych spe\u0142nienia si\u0119 zobowi\u0105za\u0142a<\/li>\n<li>zwi\u0119kszenie efektywno\u015bci wykorzystywanej infrastruktury<\/li>\n<li>zmniejszenie ilo\u015bci odpad\u00f3w<\/li>\n<li>poprawienie gospodarki odpadami<\/li>\n<li>zapewnienie o spe\u0142nianiu wymog\u00f3w prawnych<\/li>\n<\/ul>\n\n\n<h2 class=\"wp-block-heading\">CERTYFIKAT ISO 45001<\/h2>\n\n\n<p>Do uzyskania, niezb\u0119dne jest wdro\u017cenie systemu zarz\u0105dzania bezpiecze\u0144stwem i higien\u0105 pracy wg ISO 45001.<br \/>Jakie korzy\u015bci niesie wdro\u017cenie ISO 45001 ?<\/p>\n<ul>\n<li>zwi\u0119kszenie swojej konkurencyjno\u015bci<\/li>\n<li>zwi\u0119kszenie motywacji oraz \u015bwiadomo\u015bci pracownik\u00f3w w zakresie bezpiecze\u0144stwa pracy<\/li>\n<li>stworzenie kultury bezpiecze\u0144stwa pracy<\/li>\n<li>identyfikacja zagro\u017ce\u0144<\/li>\n<li>Lepszy nadz\u00f3r nad wymaganiami prawnymi<\/li>\n<li>redukcja koszt\u00f3w ubezpieczenia<\/li>\n<li>poprawa wizerunku firmy w oczach klient\u00f3w, dostawc\u00f3w, w\u0142adz oraz inwestor\u00f3w<\/li>\n<\/ul>","protected":false},"excerpt":{"rendered":"<p>Pomorskie Centrum Certyfikacji Sp.\u00a0 zoo. nie\u00a0 wdra\u017ca system\u00f3w zarz\u0105dzania na zgodno\u015b\u0107 z mi\u0119dzynarodowymi standardami ISO.\u00a0 Zajmujemy si\u0119 tylko ocen\u0105 wdro\u017cenia i certyfikacj\u0105 system\u00f3w zarz\u0105dzania jako\u015bci\u0105, \u015brodowiskowego, bezpiecze\u0144stwa i higieny pracy oraz zarz\u0105dzaniem bezpiecze\u0144stwem informacji.\u00a0 \u00a0Je\u015bli poszukujesz jednostki certyfikuj\u0105cej skontaktuj si\u0119 z nami! Jakimi certyfikatami ISO si\u0119 zajmuj\u0119? Obecnie zajmuj\u0119 si\u0119 certyfikacj\u0105: ISO 9001 \u2013 wysokie [&hellip;]<\/p>","protected":false},"author":1,"featured_media":0,"parent":0,"menu_order":0,"comment_status":"closed","ping_status":"closed","template":"","meta":{"footnotes":""},"class_list":["post-943","page","type-page","status-publish","hentry"],"aioseo_notices":[],"_links":{"self":[{"href":"https:\/\/www.eccsc.pl\/en\/wp-json\/wp\/v2\/pages\/943","targetHints":{"allow":["GET"]}}],"collection":[{"href":"https:\/\/www.eccsc.pl\/en\/wp-json\/wp\/v2\/pages"}],"about":[{"href":"https:\/\/www.eccsc.pl\/en\/wp-json\/wp\/v2\/types\/page"}],"author":[{"embeddable":true,"href":"https:\/\/www.eccsc.pl\/en\/wp-json\/wp\/v2\/users\/1"}],"replies":[{"embeddable":true,"href":"https:\/\/www.eccsc.pl\/en\/wp-json\/wp\/v2\/comments?post=943"}],"version-history":[{"count":3,"href":"https:\/\/www.eccsc.pl\/en\/wp-json\/wp\/v2\/pages\/943\/revisions"}],"predecessor-version":[{"id":1008,"href":"https:\/\/www.eccsc.pl\/en\/wp-json\/wp\/v2\/pages\/943\/revisions\/1008"}],"wp:attachment":[{"href":"https:\/\/www.eccsc.pl\/en\/wp-json\/wp\/v2\/media?parent=943"}],"curies":[{"name":"wp","href":"https:\/\/api.w.org\/{rel}","templated":true}]}}