{"id":985,"date":"2019-10-01T09:54:50","date_gmt":"2019-10-01T07:54:50","guid":{"rendered":"https:\/\/www.eccsc.pl\/?page_id=985"},"modified":"2019-10-01T09:55:30","modified_gmt":"2019-10-01T07:55:30","slug":"certyfikat-iso-9001-cena-koszt-wdrozenia","status":"publish","type":"page","link":"https:\/\/www.eccsc.pl\/en\/certyfikat-iso-9001-cena-koszt-wdrozenia\/","title":{"rendered":"Certyfikat ISO 9001 \u2013 cena, koszty wdro\u017cenia"},"content":{"rendered":"<h2 class=\"wp-block-heading\">Jaka jest cena wdro\u017cenia certyfikatu ISO 9001?<\/h2>\n\n\n<p>Wdro\u017cenie\u00a0ISO 9001\u00a0dla ma\u0142ych firm. Uzyskaj Certyfikat\u00a0<strong>ISO 9001<\/strong> z nasz\u0105 firm\u0105. ECC to kompleksowe doradztwo dla firmy przy certyfikacji\u00a0<strong>ISO 9001<\/strong>, ISO 14001. Niska cena.<\/p>\n<p>Certyfikacja Systemu Zarz\u0105dzania Jako\u015bci\u0105\u00a0<strong>ISO<\/strong> to wyj\u0105tkowa bran\u017ca. Nasze dzia\u0142ania to\u00a0 doradztwo przy certyfikacji <strong>ISO\u00a0<\/strong>\u2013 na czym polega, jaka jest\u00a0<em>cena<\/em>?<\/p>\n<p><strong>Cena<\/strong>\u00a0uzyskania certyfikatu<strong>\u00a0ISO 9001<\/strong> jest jednym z pierwszych temat\u00f3w, kt\u00f3re pojawiaj\u0105 si\u0119 przy podejmowaniu decyzji o przyst\u0105pieniu do certyfikacji.<\/p>\n<p><strong>ISO<\/strong> <strong>9001<\/strong><strong>:2015<\/strong> mo\u017ce kosztowa\u0107 od kilku do kilkunastu tysi\u0119cy. Jego\u00a0<strong>cena\u00a0<\/strong>jest uzale\u017cniona od wielu czynnik\u00f3w&#8230;. publikujemy wyniki bada\u0144.\u00a0<\/p>\n<p>Je\u015bli chcesz wiedzie\u0107, jaki jest koszt <strong>ISO 9001<\/strong>? Wystarczy wype\u0142ni\u0107 formularz i wys\u0142a\u0107 go do nas, a niezw\u0142ocznie poznasz jaka jest <strong>cena certyfikatu ISO 9001<\/strong>. Zapraszamy do <a href=\"\/en\/wniosek-o-certyfikacje-iso-9001-iso-14001iso-45001-iso-27001\/\">wype\u0142nienia formularza<\/a>.<\/p>","protected":false},"excerpt":{"rendered":"<p>Jaka jest cena wdro\u017cenia certyfikatu ISO 9001? Wdro\u017cenie\u00a0ISO 9001\u00a0dla ma\u0142ych firm. Uzyskaj Certyfikat\u00a0ISO 9001 z nasz\u0105 firm\u0105. ECC to kompleksowe doradztwo dla firmy przy certyfikacji\u00a0ISO 9001, ISO 14001. Niska cena. Certyfikacja Systemu Zarz\u0105dzania Jako\u015bci\u0105\u00a0ISO to wyj\u0105tkowa bran\u017ca. Nasze dzia\u0142ania to\u00a0 doradztwo przy certyfikacji ISO\u00a0\u2013 na czym polega, jaka jest\u00a0cena? Cena\u00a0uzyskania certyfikatu\u00a0ISO 9001 jest jednym z [&hellip;]<\/p>","protected":false},"author":1,"featured_media":0,"parent":0,"menu_order":0,"comment_status":"closed","ping_status":"closed","template":"","meta":{"footnotes":""},"class_list":["post-985","page","type-page","status-publish","hentry"],"aioseo_notices":[],"_links":{"self":[{"href":"https:\/\/www.eccsc.pl\/en\/wp-json\/wp\/v2\/pages\/985","targetHints":{"allow":["GET"]}}],"collection":[{"href":"https:\/\/www.eccsc.pl\/en\/wp-json\/wp\/v2\/pages"}],"about":[{"href":"https:\/\/www.eccsc.pl\/en\/wp-json\/wp\/v2\/types\/page"}],"author":[{"embeddable":true,"href":"https:\/\/www.eccsc.pl\/en\/wp-json\/wp\/v2\/users\/1"}],"replies":[{"embeddable":true,"href":"https:\/\/www.eccsc.pl\/en\/wp-json\/wp\/v2\/comments?post=985"}],"version-history":[{"count":1,"href":"https:\/\/www.eccsc.pl\/en\/wp-json\/wp\/v2\/pages\/985\/revisions"}],"predecessor-version":[{"id":986,"href":"https:\/\/www.eccsc.pl\/en\/wp-json\/wp\/v2\/pages\/985\/revisions\/986"}],"wp:attachment":[{"href":"https:\/\/www.eccsc.pl\/en\/wp-json\/wp\/v2\/media?parent=985"}],"curies":[{"name":"wp","href":"https:\/\/api.w.org\/{rel}","templated":true}]}}